{"id":84,"date":"2020-01-11T16:28:11","date_gmt":"2020-01-11T16:28:11","guid":{"rendered":"http:\/\/info.wuppertal-greeter.de\/?page_id=84"},"modified":"2022-11-08T14:59:53","modified_gmt":"2022-11-08T14:59:53","slug":"unterstuetze-das-projekt-mit-spenden","status":"publish","type":"page","link":"https:\/\/www.wuppertal-greeter.de\/en\/unterstuetze-das-projekt-mit-spenden\/","title":{"rendered":"Support the project with donations"},"content":{"rendered":"<p>You can also support the project with donations.<\/p>\n<p><strong>Donations<\/strong> are gladly accepted via the following account:<\/p>\n<p><strong>Attention: Updated account data!<\/strong><\/p>\n<p>Christian St\u00f6ckmann<\/p>\n<p>IBAN: DE76 3304 0001 0400 8421 01<br \/>\nBIC: <span class=\"ILfuVd\" lang=\"de\"><span class=\"hgKElc\">COBADEFFXXX<\/span><\/span><\/p>\n<p>But you can also <strong>donate time:<\/strong> become a <a href=\"https:\/\/www.wuppertal-greeter.de\/en\/greeter-werden\/\">Greeter<\/a>.<\/p>","protected":false},"excerpt":{"rendered":"<p>Du kannst auch das Projekt mit Spenden unterst\u00fctzen. Geldspenden werden gerne \u00fcber folgendes Konto angenommen: Achtung: Aktualisierte Kontodaten! Christian St\u00f6ckmann IBAN: DE76 3304 0001 0400 8421 01 BIC: COBADEFFXXX Aber auch Zeitspenden sind m\u00f6glich, indem du Greeter wirst.<\/p>","protected":false},"author":2,"featured_media":0,"parent":0,"menu_order":0,"comment_status":"closed","ping_status":"closed","template":"","meta":{"ngg_post_thumbnail":0,"footnotes":""},"class_list":["post-84","page","type-page","status-publish","hentry"],"_links":{"self":[{"href":"https:\/\/www.wuppertal-greeter.de\/en\/wp-json\/wp\/v2\/pages\/84"}],"collection":[{"href":"https:\/\/www.wuppertal-greeter.de\/en\/wp-json\/wp\/v2\/pages"}],"about":[{"href":"https:\/\/www.wuppertal-greeter.de\/en\/wp-json\/wp\/v2\/types\/page"}],"author":[{"embeddable":true,"href":"https:\/\/www.wuppertal-greeter.de\/en\/wp-json\/wp\/v2\/users\/2"}],"replies":[{"embeddable":true,"href":"https:\/\/www.wuppertal-greeter.de\/en\/wp-json\/wp\/v2\/comments?post=84"}],"version-history":[{"count":7,"href":"https:\/\/www.wuppertal-greeter.de\/en\/wp-json\/wp\/v2\/pages\/84\/revisions"}],"predecessor-version":[{"id":738,"href":"https:\/\/www.wuppertal-greeter.de\/en\/wp-json\/wp\/v2\/pages\/84\/revisions\/738"}],"wp:attachment":[{"href":"https:\/\/www.wuppertal-greeter.de\/en\/wp-json\/wp\/v2\/media?parent=84"}],"curies":[{"name":"wp","href":"https:\/\/api.w.org\/{rel}","templated":true}]}}