{"id":80,"date":"2020-01-11T16:26:57","date_gmt":"2020-01-11T16:26:57","guid":{"rendered":"http:\/\/info.wuppertal-greeter.de\/?page_id=80"},"modified":"2024-05-05T10:10:05","modified_gmt":"2024-05-05T10:10:05","slug":"greeter-destinationen-in-deutschland","status":"publish","type":"page","link":"https:\/\/www.wuppertal-greeter.de\/en\/greeter-destinationen-in-deutschland\/","title":{"rendered":"Greeter Destinations in Germany"},"content":{"rendered":"<p><a href=\"http:\/\/www.deutschland-greeter.de.\" target=\"_blank\" rel=\"noopener noreferrer\"><\/a>The number of greeter destinations in Germany is growing steadily.<\/p>\n<p>You can find a current overview on: <a href=\"http:\/\/www.deutschland-greeter.de\" target=\"_blank\" rel=\"noopener noreferrer\"> www.deutschland-greeter.de<\/a><\/p>\n<ul>\n<li class=\"yiv9840015359MsoNormal\">Augsburg \u2013<span>&nbsp;<\/span><a rel=\"nofollow noopener noreferrer\" target=\"_blank\" href=\"http:\/\/www.augsburg-greeter.org\/\">www.augsburg-greeter.org<\/a><\/li>\n<li class=\"yiv9840015359MsoNormal\">Berlin \u2013<span>&nbsp;<\/span><a rel=\"nofollow noopener noreferrer\" target=\"_blank\" href=\"http:\/\/www.berlin-greeter.org\/\">www.berlin-greeter.org<\/a><\/li>\n<li class=\"yiv9840015359MsoNormal\">Bonn \u2013<span>&nbsp;<\/span><a rel=\"nofollow noopener noreferrer\" target=\"_blank\" href=\"https:\/\/www.bonn-greeters.org\/\">www.bonn-greeters.org<\/a><\/li>\n<li class=\"yiv9840015359MsoNormal\"><span lang=\"IT\">Bottrop \u2013<span>&nbsp;<\/span><a rel=\"nofollow noopener noreferrer\">www.bottrop-greeter-ruhrgebiet.de<\/a><\/span><\/li>\n<li class=\"yiv9840015359MsoNormal\">Bremen \u2013<span>&nbsp;<\/span><a rel=\"nofollow noopener noreferrer\" target=\"_blank\" href=\"http:\/\/www.bremen-greeter.org\/\">www.bremen-greeter.org<\/a><\/li>\n<li class=\"yiv9840015359MsoNormal\">Bremerhaven \u2013<span>&nbsp;<\/span><a rel=\"nofollow noopener noreferrer\">internationalgreeter.org\/de\/destinations\/bremerhaven<\/a><\/li>\n<li class=\"yiv9840015359MsoNormal\">Coburg \u2013<span>&nbsp;<\/span><a rel=\"nofollow noopener noreferrer\" target=\"_blank\" href=\"https:\/\/coburg-greeters.org\/\">www.coburg-greeters.org<\/a><\/li>\n<li class=\"yiv9840015359MsoNormal\">Darmstadt \u2013<span>&nbsp;<\/span><a rel=\"nofollow noopener noreferrer\" target=\"_blank\" href=\"http:\/\/www.darmstadt-greeters.de\/\">www.darmstadt-greeters.de<\/a><\/li>\n<li class=\"yiv9840015359MsoNormal\">D\u00fcsseldorf \u2013<span>&nbsp;<\/span><a rel=\"nofollow noopener noreferrer\" target=\"_blank\" href=\"http:\/\/www.duesseldorf-greeter.de\/\">www.duesseldorf-greeter.de<\/a><\/li>\n<li class=\"yiv9840015359MsoNormal\">Freiburg \u2013<span>&nbsp;<\/span><a rel=\"nofollow noopener noreferrer\" target=\"_blank\" href=\"http:\/\/freiburg-greeters.de\/\">freiburg-greeters.de<\/a><\/li>\n<li class=\"yiv9840015359MsoNormal\">G\u00f6rlitz \u2013<span>&nbsp;<\/span><a rel=\"nofollow noopener noreferrer\" target=\"_blank\" href=\"https:\/\/info60155.wixsite.com\/goerlitzgreeter\">www.goerlitz-greeter.de<\/a><\/li>\n<li class=\"yiv9840015359MsoNormal\">Hamburg \u2013<span>&nbsp;<\/span><a rel=\"nofollow noopener noreferrer\" target=\"_blank\" href=\"https:\/\/www.hamburg-greeter.de\/\">www.hamburg-greeter.de<\/a><\/li>\n<li class=\"yiv9840015359MsoNormal\">Kassel \u2013<span>&nbsp;<\/span><a rel=\"nofollow noopener noreferrer\" target=\"_blank\" href=\"http:\/\/www.kasselgreeters.de\/\">www.kasselgreeters.de<\/a><\/li>\n<li class=\"yiv9840015359MsoNormal\">L\u00fcbeck \u2013<span>&nbsp;<\/span><a rel=\"nofollow noopener noreferrer\" target=\"_blank\" href=\"https:\/\/www.luebeck-greeter.de\/\">www.luebeck-greeter.de<\/a><\/li>\n<li class=\"yiv9840015359MsoNormal\">Mainz \u2013<span>&nbsp;<\/span><a rel=\"nofollow noopener noreferrer\" target=\"_blank\" href=\"http:\/\/www.mainz-greeters.de\/\">www.mainz-greeters.de<\/a><\/li>\n<li class=\"yiv9840015359MsoNormal\">Mannheim \u2013<span>&nbsp;<\/span><a rel=\"nofollow noopener noreferrer\" target=\"_blank\" href=\"https:\/\/www.mannheimgreeter.de\/\">www.mannheimgreeter.de<\/a><\/li>\n<li class=\"yiv9840015359MsoNormal\">M\u00fcnchen \u2013<span>&nbsp;<\/span><a rel=\"nofollow noopener noreferrer\" target=\"_blank\" href=\"http:\/\/www.munich-greeter.de\/\">www.munich-greeter.de<\/a><\/li>\n<li class=\"yiv9840015359MsoNormal\">N\u00fcrnberg \u2013<span>&nbsp;<\/span><a rel=\"nofollow noopener noreferrer\" target=\"_blank\" href=\"https:\/\/www.nuernberg-greeters.org\/\">www.nuernberg-greeters.org<\/a><\/li>\n<li class=\"yiv9840015359MsoNormal\">Stuttgart \u2013<span>&nbsp;<\/span><a rel=\"nofollow noopener noreferrer\" target=\"_blank\" href=\"https:\/\/internationalgreeter.org\/de\/destinations\/stuttgart\">www.stuttgartgreeters.de<\/a><\/li>\n<li class=\"yiv9840015359MsoNormal\">Wuppertal \u2013<span>&nbsp;<\/span><a rel=\"nofollow noopener noreferrer\" target=\"_blank\" href=\"http:\/\/www.wuppertal-greeter.de\/en\/\">www.wuppertal-greeter.de<\/a><\/li>\n<\/ul>","protected":false},"excerpt":{"rendered":"<p>Die Anzahl der Greeter-Destinationen in Deutschland w\u00e4chst best\u00e4ndig. Eine aktuelle \u00dcbersicht findest Du auf www.deutschland-greeter.de Augsburg \u2013&nbsp;www.augsburg-greeter.org Berlin \u2013&nbsp;www.berlin-greeter.org Bonn \u2013&nbsp;www.bonn-greeters.org Bottrop \u2013&nbsp;www.bottrop-greeter-ruhrgebiet.de Bremen \u2013&nbsp;www.bremen-greeter.org Bremerhaven \u2013&nbsp;internationalgreeter.org\/de\/destinations\/bremerhaven Coburg \u2013&nbsp;www.coburg-greeters.org Darmstadt \u2013&nbsp;www.darmstadt-greeters.de D\u00fcsseldorf \u2013&nbsp;www.duesseldorf-greeter.de Freiburg \u2013&nbsp;freiburg-greeters.de G\u00f6rlitz \u2013&nbsp;www.goerlitz-greeter.de Hamburg \u2013&nbsp;www.hamburg-greeter.de Kassel \u2013&nbsp;www.kasselgreeters.de L\u00fcbeck \u2013&nbsp;www.luebeck-greeter.de Mainz \u2013&nbsp;www.mainz-greeters.de Mannheim \u2013&nbsp;www.mannheimgreeter.de M\u00fcnchen \u2013&nbsp;www.munich-greeter.de N\u00fcrnberg<\/p>","protected":false},"author":2,"featured_media":0,"parent":0,"menu_order":0,"comment_status":"closed","ping_status":"closed","template":"","meta":{"ngg_post_thumbnail":0,"footnotes":""},"class_list":["post-80","page","type-page","status-publish","hentry"],"_links":{"self":[{"href":"https:\/\/www.wuppertal-greeter.de\/en\/wp-json\/wp\/v2\/pages\/80"}],"collection":[{"href":"https:\/\/www.wuppertal-greeter.de\/en\/wp-json\/wp\/v2\/pages"}],"about":[{"href":"https:\/\/www.wuppertal-greeter.de\/en\/wp-json\/wp\/v2\/types\/page"}],"author":[{"embeddable":true,"href":"https:\/\/www.wuppertal-greeter.de\/en\/wp-json\/wp\/v2\/users\/2"}],"replies":[{"embeddable":true,"href":"https:\/\/www.wuppertal-greeter.de\/en\/wp-json\/wp\/v2\/comments?post=80"}],"version-history":[{"count":10,"href":"https:\/\/www.wuppertal-greeter.de\/en\/wp-json\/wp\/v2\/pages\/80\/revisions"}],"predecessor-version":[{"id":952,"href":"https:\/\/www.wuppertal-greeter.de\/en\/wp-json\/wp\/v2\/pages\/80\/revisions\/952"}],"wp:attachment":[{"href":"https:\/\/www.wuppertal-greeter.de\/en\/wp-json\/wp\/v2\/media?parent=80"}],"curies":[{"name":"wp","href":"https:\/\/api.w.org\/{rel}","templated":true}]}}