{"id":78,"date":"2020-01-11T16:26:22","date_gmt":"2020-01-11T16:26:22","guid":{"rendered":"http:\/\/info.wuppertal-greeter.de\/?page_id=78"},"modified":"2020-08-01T05:33:07","modified_gmt":"2020-08-01T05:33:07","slug":"ueber-die-greeter","status":"publish","type":"page","link":"https:\/\/www.wuppertal-greeter.de\/en\/ueber-die-greeter\/","title":{"rendered":"About the Greeter"},"content":{"rendered":"<h2>The Idea<\/h2>\n<p class=\"translation-block\">The idea was born in New York in 1992, when Lynn Brooks founded the \"Big Apple Greeters\". Since then, Greeter groups have been formed in more than 130 cities and regions around the world, from Argentina to Vietnam. Learn more about <a href=\"https:\/\/internationalgreeter.org\/idea\/lynn-brooks\/\" target=\"_self\" rel=\"noopener noreferrer\"> Lynn Brooks and the story behind the Greeter idea<\/a>.<\/p>\n<p>All Greeter groups share the same basic values.<\/p>\n<p>Greeter begr\u00fc\u00dfen G\u00e4ste ihrer Stadt\/Region und begleiten sie auf einem zwei- bis dreist\u00fcndigen, sehr pers\u00f6nlichen Rundgang abseits der \u00fcblichen Touristenpfade.<br \/>\nGreeter sind Freiwillige, die ihre Stadt\/Region lieben und diese Liebe gerne mit ihren G\u00e4sten teilen.<br \/>\nW\u00e4hrend eines Rundgangs wirst Du die Stadt zu Fu\u00df oder mit \u00f6ffentlichen Verkehrsmitteln erkunden. Ob Du eine Stadt zum ersten Mal besuchst oder regelm\u00e4\u00dfig, die Greeter freuen sich auf Dich.<\/p>\n<h2>Our Core Values<\/h2>\n<ol>\n<li>Greeter arbeiten ehrenamtlich, sie bereiten all ihren Besuchern einen freundlichen Empfang.<\/li>\n<li>Greeters welcome individual guests or very small groups of up to 6 people. The focus is on the dialogue between greeter and guest.<\/li>\n<li>The walk with a greeter is free.<\/li>\n<li>All guests and volunteers are welcome without discrimination.<\/li>\n<li>The Greeterprograms support sustainable tourism. They respect the natural and social environment and promote the cultural development of local communities. Greeter promote the image of their home town \/ region.<\/li>\n<li>The Greeterprograms offer greeters and guests the opportunity for mutual cultural exchange. They help to build a better world by establishing contact from person to person.<\/li>\n<\/ol>\n<h3 id=\"faq\"><\/h3>\n<h2>Frequently Asked Questions (faq)<\/h2>\n<div id=\"accordions-211\" class=\"accordions-211 accordions\" data-accordions=\"{&quot;lazyLoad&quot;:true,&quot;id&quot;:&quot;211&quot;,&quot;event&quot;:&quot;click&quot;,&quot;collapsible&quot;:&quot;true&quot;,&quot;heightStyle&quot;:&quot;content&quot;,&quot;animateStyle&quot;:&quot;swing&quot;,&quot;animateDelay&quot;:1000,&quot;navigation&quot;:true,&quot;active&quot;:999,&quot;expandedOther&quot;:&quot;no&quot;}\">\r\n                <div id=\"accordions-lazy-211\" class=\"accordions-lazy\" accordionsid=\"211\">\r\n                    <\/div>\r\n\r\n    <div class=\"items\"  style=\"display:none\" >\r\n    \r\n            <div post_id=\"211\" itemcount=\"0\"  header_id=\"header-1578817680234\" id=\"header-1578817680234\" style=\"\" class=\"accordions-head head1578817680234 border-semi-round\" toggle-text=\"\" main-text=\"Was ist ein Greet?\">\r\n                                    <span id=\"accordion-icons-1578817680234\" class=\"accordion-icons\">\r\n                        <span class=\"accordion-icon-active accordion-plus\"><i class=\"fa fas fa-chevron-up\"><\/i><\/span>\r\n                        <span class=\"accordion-icon-inactive accordion-minus\"><i class=\"fa fas fa-chevron-down\"><\/i><\/span>\r\n                    <\/span>\r\n                    <span id=\"header-text-1578817680234\" class=\"accordions-head-title\">What is a Greet?<\/span>\r\n                            <\/div>\r\n            <div class=\"accordion-content content1578817680234\">\r\n                <p>Our two to three hour walks are based on our and our guests' interests. We greeters volunteer and respond to the requests that we are in the mood for. We meet our guests at eye level and are also interested in their background. This is how guests can become friends.<\/p>\n<p>Attention: A greet is not a city tour! A greet cannot be \"booked\"!<\/p>\n            <\/div>\r\n    \r\n            <div post_id=\"211\" itemcount=\"1\"  header_id=\"header-1578818053659\" id=\"header-1578818053659\" style=\"\" class=\"accordions-head head1578818053659 border-semi-round\" toggle-text=\"\" main-text=\"Was kostet ein Greet?\">\r\n                                    <span id=\"accordion-icons-1578818053659\" class=\"accordion-icons\">\r\n                        <span class=\"accordion-icon-active accordion-plus\"><i class=\"fa fas fa-chevron-up\"><\/i><\/span>\r\n                        <span class=\"accordion-icon-inactive accordion-minus\"><i class=\"fa fas fa-chevron-down\"><\/i><\/span>\r\n                    <\/span>\r\n                    <span id=\"header-text-1578818053659\" class=\"accordions-head-title\">How much is a Greet?<\/span>\r\n                            <\/div>\r\n            <div class=\"accordion-content content1578818053659\">\r\n                <p>The Greet is completely free. We are happy to get to know you and to show you our Wuppertal.<\/p>\n<p class=\"translation-block\">But we are very happy about <a href=\"\/en\/unterstuetze-das-projekt-mit-spenden\/\" target=\"_self\">donations <\/a> (e.g. for flyers etc.) to our association account!<\/p>\n            <\/div>\r\n    \r\n            <div post_id=\"211\" itemcount=\"2\"  header_id=\"header-1578818243508\" id=\"header-1578818243508\" style=\"\" class=\"accordions-head head1578818243508 border-semi-round\" toggle-text=\"\" main-text=\"Wie kann man einen Greet anfragen?\">\r\n                                    <span id=\"accordion-icons-1578818243508\" class=\"accordion-icons\">\r\n                        <span class=\"accordion-icon-active accordion-plus\"><i class=\"fa fas fa-chevron-up\"><\/i><\/span>\r\n                        <span class=\"accordion-icon-inactive accordion-minus\"><i class=\"fa fas fa-chevron-down\"><\/i><\/span>\r\n                    <\/span>\r\n                    <span id=\"header-text-1578818243508\" class=\"accordions-head-title\">How to request a greet?<\/span>\r\n                            <\/div>\r\n            <div class=\"accordion-content content1578818243508\">\r\n                <p class=\"translation-block\">Via our <a href=\"\/en\/greet-anfragen\/\" target=\"_self\" rel=\"noopener\"> request form <\/a> you can ask for a greet.<\/p>\n<p>As soon as we have found a suitable greeter, we will send you the contact details. From now on you and your greeter will have all the details in order to plan your joint walk.<\/p>\n<p>If no greeter can meet your desired date, I'm afraid we'll have to send you a cancellation.<\/p>\n            <\/div>\r\n    \r\n            <div post_id=\"211\" itemcount=\"3\"  header_id=\"header-1578818409049\" id=\"header-1578818409049\" style=\"\" class=\"accordions-head head1578818409049 border-semi-round\" toggle-text=\"\" main-text=\"Wie kommen Gast und Greeter zueinander?\">\r\n                                    <span id=\"accordion-icons-1578818409049\" class=\"accordion-icons\">\r\n                        <span class=\"accordion-icon-active accordion-plus\"><i class=\"fa fas fa-chevron-up\"><\/i><\/span>\r\n                        <span class=\"accordion-icon-inactive accordion-minus\"><i class=\"fa fas fa-chevron-down\"><\/i><\/span>\r\n                    <\/span>\r\n                    <span id=\"header-text-1578818409049\" class=\"accordions-head-title\">How do guest and Greeter get together?<\/span>\r\n                            <\/div>\r\n            <div class=\"accordion-content content1578818409049\">\r\n                <p>As soon as we have found a suitable greeter, the guest will receive all necessary information (name, phone, email) to arrange the meeting in detail.<\/p>\n<p>One copy goes to the Greeter. From this moment on, guest and Greeter are on their own.<\/p>\n            <\/div>\r\n    \r\n            <div post_id=\"211\" itemcount=\"4\"  header_id=\"header-1578818586614\" id=\"header-1578818586614\" style=\"\" class=\"accordions-head head1578818586614 border-semi-round\" toggle-text=\"\" main-text=\"Wie viele Leute sind in einer Gruppe?\">\r\n                                    <span id=\"accordion-icons-1578818586614\" class=\"accordion-icons\">\r\n                        <span class=\"accordion-icon-active accordion-plus\"><i class=\"fa fas fa-chevron-up\"><\/i><\/span>\r\n                        <span class=\"accordion-icon-inactive accordion-minus\"><i class=\"fa fas fa-chevron-down\"><\/i><\/span>\r\n                    <\/span>\r\n                    <span id=\"header-text-1578818586614\" class=\"accordions-head-title\">How many people are in a group?<\/span>\r\n                            <\/div>\r\n            <div class=\"accordion-content content1578818586614\">\r\n                <p>The maximum group size is 6 persons, because the greeters want to look after their guests individually and explore the city like with friends. <\/p>\n<p>The guests always know each other, because we never combine Greet requests - not even when there are shortages.<\/p>\n            <\/div>\r\n    <\/div>\r\n\r\n\r\n\r\n            <\/div>\n<p>&nbsp;<\/p>\n<p>&nbsp;<\/p>","protected":false},"excerpt":{"rendered":"<p>Die Idee Die Idee wurde 1992 in New York geboren, als Lynn Brooks die \u201cBig Apple Greeters\u201d gr\u00fcndete. Seitdem wurden Greeter-Gruppen in mehr als 130 St\u00e4dten und Regionen rund um die Welt gegr\u00fcndet, von Argentinien bis Vietnam. Erfahre mehr \u00fcber Lynn Brooks und die Geschichte der Greeter Idee. Alle Greetergruppen<\/p>","protected":false},"author":2,"featured_media":0,"parent":0,"menu_order":0,"comment_status":"closed","ping_status":"closed","template":"","meta":{"ngg_post_thumbnail":0,"footnotes":""},"class_list":["post-78","page","type-page","status-publish","hentry"],"_links":{"self":[{"href":"https:\/\/www.wuppertal-greeter.de\/en\/wp-json\/wp\/v2\/pages\/78"}],"collection":[{"href":"https:\/\/www.wuppertal-greeter.de\/en\/wp-json\/wp\/v2\/pages"}],"about":[{"href":"https:\/\/www.wuppertal-greeter.de\/en\/wp-json\/wp\/v2\/types\/page"}],"author":[{"embeddable":true,"href":"https:\/\/www.wuppertal-greeter.de\/en\/wp-json\/wp\/v2\/users\/2"}],"replies":[{"embeddable":true,"href":"https:\/\/www.wuppertal-greeter.de\/en\/wp-json\/wp\/v2\/comments?post=78"}],"version-history":[{"count":5,"href":"https:\/\/www.wuppertal-greeter.de\/en\/wp-json\/wp\/v2\/pages\/78\/revisions"}],"predecessor-version":[{"id":471,"href":"https:\/\/www.wuppertal-greeter.de\/en\/wp-json\/wp\/v2\/pages\/78\/revisions\/471"}],"wp:attachment":[{"href":"https:\/\/www.wuppertal-greeter.de\/en\/wp-json\/wp\/v2\/media?parent=78"}],"curies":[{"name":"wp","href":"https:\/\/api.w.org\/{rel}","templated":true}]}}