{"id":76,"date":"2020-01-11T16:25:46","date_gmt":"2020-01-11T16:25:46","guid":{"rendered":"http:\/\/info.wuppertal-greeter.de\/?page_id=76"},"modified":"2022-07-09T10:03:05","modified_gmt":"2022-07-09T10:03:05","slug":"teilnahmebedingungen","status":"publish","type":"page","link":"https:\/\/www.wuppertal-greeter.de\/en\/teilnahmebedingungen\/","title":{"rendered":"Terms of participation"},"content":{"rendered":"<h3><strong>Wuppertal Greeter: Teilnahme- und Gesch\u00e4ftsbedingungen<\/strong><\/h3>\n<p>F\u00fcr die Teilnahme am Wuppertal Greeter-Programm ist die Annahme der folgenden Servicebedingungen und Gesch\u00e4ftsbedingungen erforderlich.<\/p>\n<p><strong> 1. <\/strong><strong>\u00dcber die Wuppertaler Greeter<\/strong><\/p>\n<p>Wuppertal Greeter sind eine rein freiwillige Gruppe, die gegr\u00fcndet wurde, um das Verst\u00e4ndnis der Wuppertaler Kultur und der Wuppertaler Bev\u00f6lkerung zu f\u00f6rdern und die interkulturelle Freundschaft zu f\u00f6rdern.<\/p>\n<p><strong> 2. <\/strong><strong>Mitglied der International Greeter Association<br \/>\n<\/strong><\/p>\n<p>International Greeter Association ist ein informeller Zusammenschluss von Greeter-Programmen auf der ganzen Welt. Wuppertal Greeter teilt die Grundwerte des International Greeter Association wie folgt (Auszug aus der Website der International Greeter Association): <a href=\"https:\/\/internationalgreeter.org\/greeter-idea\/core-values\">https:\/\/internationalgreeter.org\/greeter-idea\/core-values<\/a><\/p>\n<ul>\n<li>Greeter arbeiten ehrenamtlich, sie bereiten all ihren Besuchern einen freundlichen Empfang.<\/li>\n<li>Greeters welcome individual guests or very small groups of up to 6 people. The focus is on the dialogue between greeter and guest.<\/li>\n<li>The walk with a greeter is free.<\/li>\n<li>All guests and volunteers are welcome without discrimination.<\/li>\n<li>The Greeterprograms support sustainable tourism. They respect the natural and social environment and promote the cultural development of local communities. Greeter promote the image of their home town \/ region.<\/li>\n<\/ul>\n<p><strong> 3. <\/strong><strong>Greeter<\/strong><\/p>\n<ul>\n<li>Die freiwilligen Helfer von Wuppertal Greeter bieten Greets aus eigenem Willen an. Wuppertal Greeter geben keine Garantien hinsichtlich der Qualifikation oder Erfahrung ihrer Greeter.<\/li>\n<li>Wuppertal Greeter begr\u00fc\u00dfen sowohl Einzelpersonen als auch kleine Gruppen von bis zu sechs Personen.<\/li>\n<li>Wuppertal Greeter beh\u00e4lt sich das Recht vor, Antr\u00e4ge oder Strecken abzulehnen, die Wuppertal Greeter aus irgendeinem Grund f\u00fcr unzumutbar h\u00e4lt. Wuppertal Greeter k\u00f6nnen keine Veranstaltungen reservieren, Tickets kaufen oder anderweitig als Vermittler fungieren.<\/li>\n<\/ul>\n<p><strong> 4. <\/strong><strong>Aufwendungen<\/strong><\/p>\n<p>Ein Treffen mit einem Greeter von Wuppertal Greeter ist kostenlos. Wuppertal Greeter und seine Greeter erwarten keine Kosten, einschlie\u00dflich Transport, Eintrittsgeb\u00fchren und Verpflegungskosten.<\/p>\n<p><strong>5. Unangemessenes Verhalten<\/strong><\/p>\n<p>Wuppertal Greeter und seine Greeters behalten sich das Recht vor, einen Greet jederzeit zu beenden, wenn der Besucher eines der folgenden Verhaltensweisen zeigt:<\/p>\n<ul>\n<li>ILLEGALES VERHALTEN.<\/li>\n<li>UNANGEMESSENES SEXUELLES VERHALTEN oder Ann\u00e4herungen. Dies schlie\u00dft sexuelles Verhalten ein, das von den Besuchern gegen\u00fcber dem Greeter oder zwischen den G\u00e4sten gezeigt wird.<\/li>\n<li>JEDES VERHALTEN, VERHALTEN ODER MASSNAHME, aufgrund derer sich der Greeter sich unangemessen oder beleidigend behandelt f\u00fchlt.<\/li>\n<\/ul>\n<p><strong>6. Haftungsbeschr\u00e4nkung<\/strong><\/p>\n<p>Wuppertal Greeter und seine Greeters haften nicht f\u00fcr Krankheiten, Verletzungen, Diebst\u00e4hle, Verluste oder daraus resultierende Sch\u00e4den, die dem Besucher w\u00e4hrend der Nutzung der Dienste von Wuppertal Greeter entstehen. Der Besucher \u00fcbernimmt die volle Verantwortung f\u00fcr Sch\u00e4den, Verletzungen oder Verluste, die ihm bei der Nutzung von Wuppertal Greeter-Diensten entstehen k\u00f6nnen.<\/p>\n<p><strong>7. Ablehnungsrecht, Interessenkonflikte<\/strong><\/p>\n<p>Wuppertal Greeter kann dem Gast jederzeit aus folgenden Gr\u00fcnden einen Greet verweigern:<\/p>\n<ul>\n<li>Der Greet soll l\u00e4nger als drei Stunden dauern.<\/li>\n<li>Der Greeter muss alle mit der Tour verbundenen Kosten tragen.<\/li>\n<li>Der Gast gibt \u00fcber das Anmeldeformular falsche Informationen aus, wenn sie einen Greeter anfragen und \/ oder einen E-Mail-Austausch mit Wuppertal Greeter oder dem Greeter durchf\u00fchren.<\/li>\n<li>Der oder die Besucher versuchen, von den Dienstleistungen von Wuppertal Greeter monet\u00e4r zu profitieren oder zu profitieren oder ein Unternehmen zu betreiben, das versucht, von den Dienstleistungen von Wuppertal Greeter zu profitieren.<\/li>\n<li>Der Greeter kann Termine fristgerecht absagen, wenn pers\u00f6nliche oder unvermeidbare Gr\u00fcnde oder extreme Umst\u00e4nde (z. B. extreme Wetterbedingungen, Naturkatastrophen usw.) auftreten.<\/li>\n<\/ul>\n<p><strong>8. <\/strong><strong>Kurzfristige Absage durch Besucher<\/strong><\/p>\n<p>Wuppertal Greeter beh\u00e4lt sich das Recht vor, G\u00e4sten, die zuvor ohne vorherige Ank\u00fcndigung einen Termin ausfallen lassen haben, einen neuen Greet zu verweigern. Dies schlie\u00dft F\u00e4lle aus, in denen die Stornierung aus unvermeidlichen Gr\u00fcnden oder extremen Umst\u00e4nden erfolgte.<\/p>\n<p><strong>9. Ablauf f\u00fcr die Zuweisung eines Greeters<\/strong><\/p>\n<p>G\u00e4ste erkl\u00e4ren sich damit einverstanden, den folgenden Ablauf zu befolgen, wenn Sie einen Greeter bei Wuppertal Greeter anfordern.<\/p>\n<ul>\n<li>G\u00e4ste beantragen einen Greet auf dem entsprechenden Formular auf der Website: <a href=\"https:\/\/www.wuppertal-greeter.de\/en\/\" target=\"_blank\" rel=\"noopener noreferrer\">https:\/\/wuppertal-greeter.de\/<\/a><\/li>\n<li>Der Gast erh\u00e4lt eine Best\u00e4tigungsemail von Wuppertal Greeter.<\/li>\n<li>Rechtzeitig vor dem gew\u00fcnschten Termin wird ein Greeter ausgew\u00e4hlt.<\/li>\n<li>Der Gast erh\u00e4lt den Namen und die Email-Adresse des Greeters und kontaktiert ihn direkt per E-Mail zur Vereinbarung von genauem Treffpunkt usw.<\/li>\n<li>Wenn der Besucher bis eine Woche vor dem gew\u00fcnschten Datum keine E-Mail erh\u00e4lt, bedeutet dies, dass kein Greeter gefunden werden konnte. Es erfolgt keine weitere Benachrichtigung.<\/li>\n<\/ul>\n<p><strong>10. <\/strong><strong>F\u00e4lle, in denen Wuppertal Greeter m\u00f6glicherweise keinen Greeter bereitstellen kann<\/strong><\/p>\n<p>In folgenden F\u00e4llen kann Wuppertal Greeter dem Gast m\u00f6glicherweise keinen Greeter anbieten:<\/p>\n<ul>\n<li>Es gibt zu viele Bewerber und \/ oder zu wenig Greeters.<\/li>\n<li>Es kann kein Gast gefunden werden, der die vom Gast gew\u00fcnschte Sprache spricht.<\/li>\n<li>Es kann kein Gast gefunden werden, der die besonderen W\u00fcnsche des Gastes erf\u00fcllen kann.<\/li>\n<li>Der Gast kann seine Anfrage mindestens zwei (2) Wochen vor dem gew\u00fcnschten Greet nicht einreichen.<\/li>\n<li>Eine Anfrage eines Minderj\u00e4hrigen.<\/li>\n<\/ul>","protected":false},"excerpt":{"rendered":"<p>Wuppertal Greeter: Teilnahme- und Gesch\u00e4ftsbedingungen F\u00fcr die Teilnahme am Wuppertal Greeter-Programm ist die Annahme der folgenden Servicebedingungen und Gesch\u00e4ftsbedingungen erforderlich. 1. \u00dcber die Wuppertaler Greeter Wuppertal Greeter sind eine rein freiwillige Gruppe, die gegr\u00fcndet wurde, um das Verst\u00e4ndnis der Wuppertaler Kultur und der Wuppertaler Bev\u00f6lkerung zu f\u00f6rdern und die interkulturelle<\/p>","protected":false},"author":2,"featured_media":0,"parent":0,"menu_order":0,"comment_status":"closed","ping_status":"closed","template":"","meta":{"ngg_post_thumbnail":0,"footnotes":""},"class_list":["post-76","page","type-page","status-publish","hentry"],"_links":{"self":[{"href":"https:\/\/www.wuppertal-greeter.de\/en\/wp-json\/wp\/v2\/pages\/76"}],"collection":[{"href":"https:\/\/www.wuppertal-greeter.de\/en\/wp-json\/wp\/v2\/pages"}],"about":[{"href":"https:\/\/www.wuppertal-greeter.de\/en\/wp-json\/wp\/v2\/types\/page"}],"author":[{"embeddable":true,"href":"https:\/\/www.wuppertal-greeter.de\/en\/wp-json\/wp\/v2\/users\/2"}],"replies":[{"embeddable":true,"href":"https:\/\/www.wuppertal-greeter.de\/en\/wp-json\/wp\/v2\/comments?post=76"}],"version-history":[{"count":4,"href":"https:\/\/www.wuppertal-greeter.de\/en\/wp-json\/wp\/v2\/pages\/76\/revisions"}],"predecessor-version":[{"id":702,"href":"https:\/\/www.wuppertal-greeter.de\/en\/wp-json\/wp\/v2\/pages\/76\/revisions\/702"}],"wp:attachment":[{"href":"https:\/\/www.wuppertal-greeter.de\/en\/wp-json\/wp\/v2\/media?parent=76"}],"curies":[{"name":"wp","href":"https:\/\/api.w.org\/{rel}","templated":true}]}}