{"id":59,"date":"2020-01-11T16:07:34","date_gmt":"2020-01-11T16:07:34","guid":{"rendered":"http:\/\/info.wuppertal-greeter.de\/?page_id=59"},"modified":"2023-10-23T19:27:41","modified_gmt":"2023-10-23T19:27:41","slug":"gaestebuch","status":"publish","type":"page","link":"https:\/\/www.wuppertal-greeter.de\/en\/gaestebuch\/","title":{"rendered":"Guestbook"},"content":{"rendered":"<h4><\/h4>\n<p><strong>Hubert aus Coesfeld \/ M\u00fcnsterland&nbsp;<\/strong> &nbsp;( September 2023 )<\/p>\n<p><img loading=\"lazy\" decoding=\"async\" src=\"https:\/\/www.wuppertal-greeter.de\/wp-content\/uploads\/2023\/10\/4165ab36-5102-4e7a-8af3-cc88662575d3.jpeg\" alt=\"\" width=\"280\" height=\"210\" class=\"alignnone size-full wp-image-822\" srcset=\"https:\/\/www.wuppertal-greeter.de\/wp-content\/uploads\/2023\/10\/4165ab36-5102-4e7a-8af3-cc88662575d3.jpeg 280w, https:\/\/www.wuppertal-greeter.de\/wp-content\/uploads\/2023\/10\/4165ab36-5102-4e7a-8af3-cc88662575d3-16x12.jpeg 16w\" sizes=\"(max-width: 280px) 100vw, 280px\" \/><\/p>\n<p class=\"yiv8526122526MsoNormal\">Aufmerksam geworden durch die \u00f6rtliche Tageszeitung traten wir 7 Best Ager aus dem M\u00fcnsterland die Reise nach Wuppertal an.<\/p>\n<p class=\"yiv8526122526MsoNormal\">Die Terminabsprache lief rasch, zuverl\u00e4ssig und erfolgreich und so lernten wir unseren Greet Gudrun an einem Sonntagvormittag kennen.<\/p>\n<p class=\"yiv8526122526MsoNormal\">Der von ihr vorgeschlagene Treffpunkt (Klavier im Bahnhof) war schon etwas Besonderes ebenso wie eine komplette Tour in der Schwebebahn.<\/p>\n<p class=\"yiv8526122526MsoNormal\">\u201eDiese Fahrt haben die \u00f6ffentlichen F\u00fchrer nicht im Programm, dabei kann man aus dem Panoramafenster einen sehr guten \u00dcberblick von Stadt und Fluss bekommen\u201c meinte Gudrun.<\/p>\n<p class=\"yiv8526122526MsoNormal\">&nbsp;Den kleinen Elefanten im Flussbett h\u00e4tten wir allein bestimmt \u00fcbersehen, er erinnert an den Fenstersturz eines Elefantenfr\u00e4uleins vor vielen Jahren aus der Schwebebahn.<\/p>\n<p class=\"yiv8526122526MsoNormal\">Aber auch der einzige Unfall der Bahn wurde erl\u00e4utert. Nebenbei erfuhren wir, dass die Liste der in Wuppertal geborenen oder lebenden VIPs ungew\u00f6hnlich lang ist, z.B. Johannes Rau als B\u00fcrgermeister, Landesvater und Bundespr\u00e4sident.<\/p>\n<p class=\"yiv8526122526MsoNormal\">&nbsp;Nach \u00fcber eine Stunde Fahrt ging es zu Fu\u00df weiter, vorbei an Boutiquen, Kneipen und wundervollen alten H\u00e4usern in Elberfeld. Dort fanden wir die goldene Bank, super f\u00fcr eine kleine Rast mit Fototermin.<\/p>\n<p class=\"yiv8526122526MsoNormal\">Geplant war eine 3-st\u00fcndige Besichtigung von Gudruns \u201eWohnzimmer\u201c, doch die \u201e\u00dcberstunde\u201c in einem italienischen Lokal genossen alle Acht.<\/p>\n<p class=\"yiv8526122526MsoNormal\">&nbsp;Wir als G\u00e4ste dieser \u00fcberraschend sch\u00f6nen Stadt k\u00f6nnen diese Form von Sightseeing nur empfehlen. Gudrun klebte nicht stur am festgelegten Programm, sie hatte viel Zeit f\u00fcr uns und ging auf alle Fragen, auch mit einem Schuss Humor, gerne ein.<\/p>\n<p class=\"yiv8526122526MsoNormal\">Da viel es uns nicht schwer ein gutes Trinkgeld zu geben und das \u201eAuf Wiedersehen\u201c meinten am Schluss alle.<\/p>\n<p class=\"yiv8526122526MsoNormal\">Wer wei\u00df?<\/p>\n<p class=\"yiv8526122526MsoNormal\">Hubert aus Coesfeld<\/p>\n<p class=\"yiv8526122526MsoNormal\"><b>&nbsp;<\/b>Weiterhin euch Greeter viel Spa\u00df und Erfolg.<\/p>\n<p class=\"yiv8526122526MsoNormal\">Hubert<\/p>\n<h4 id=\"bericht5\">Gisela, Walther, Ulrike and G\u00fcnther from Freiburg<\/h4>\n<p>Although we had really bad luck with the weather. A piece of luck was our Greet with Gudrun yesterday in Wuppertal!<\/p>\n<p>Nach einem kurzen <img loading=\"lazy\" decoding=\"async\" src=\"http:\/\/www.wuppertal-greeter.de\/wp-content\/uploads\/2020\/03\/WhatsApp-Image-2020-03-14-at-12.41.55-300x164.jpeg\" alt=\"G\u00e4ste aus Freiburg\" class=\"size-medium wp-image-436 alignleft\" width=\"300\" height=\"164\" srcset=\"https:\/\/www.wuppertal-greeter.de\/wp-content\/uploads\/2020\/03\/WhatsApp-Image-2020-03-14-at-12.41.55-300x164.jpeg 300w, https:\/\/www.wuppertal-greeter.de\/wp-content\/uploads\/2020\/03\/WhatsApp-Image-2020-03-14-at-12.41.55-1024x560.jpeg 1024w, https:\/\/www.wuppertal-greeter.de\/wp-content\/uploads\/2020\/03\/WhatsApp-Image-2020-03-14-at-12.41.55-768x420.jpeg 768w, https:\/\/www.wuppertal-greeter.de\/wp-content\/uploads\/2020\/03\/WhatsApp-Image-2020-03-14-at-12.41.55-1536x840.jpeg 1536w, https:\/\/www.wuppertal-greeter.de\/wp-content\/uploads\/2020\/03\/WhatsApp-Image-2020-03-14-at-12.41.55.jpeg 1600w\" sizes=\"(max-width: 300px) 100vw, 300px\" \/>Rundgang im Zentrum, bestiegen wir die Schwebebahn und setzten so unsere Stadtbesichtigung fort.<\/p>\n<p>.<\/p>\n<p>So we learned a lot about this young city, its origins and industrial history. A stop at the extraordinary church cafe ended the greet. Gladly again with better weather and with other places to go!<\/p>\n<p>Gisela, Walther, Ulrike and G\u00fcnther from Freiburg.<\/p>\n<h4><\/h4>\n<h4 id=\"bericht1\">Catharina from Erfurt<\/h4>\n<p>Hello Meieli, we found the Greet with you very nice. However, we were all somewhat exhausted at the end and were happy when we were on our way home after dinner.<\/p>\n<p><img loading=\"lazy\" decoding=\"async\" src=\"http:\/\/www.wuppertal-greeter.de\/wp-content\/uploads\/2020\/01\/facebook_1538058261862-300x169.jpg\" alt=\"\" class=\"size-medium wp-image-46 alignleft\" width=\"300\" height=\"169\" srcset=\"https:\/\/www.wuppertal-greeter.de\/wp-content\/uploads\/2020\/01\/facebook_1538058261862-300x169.jpg 300w, https:\/\/www.wuppertal-greeter.de\/wp-content\/uploads\/2020\/01\/facebook_1538058261862.jpg 768w\" sizes=\"(max-width: 300px) 100vw, 300px\" \/><\/p>\n<p>The city itself did not impress my colleagues but your personality and the beautiful corners were very well received. Personaly, it was very nice to see a few unknown corners.<\/p>\n<p>Since I won't be moving away anytime soon, I would like to make friends with Wuppertal and further explore its charm.<\/p>\n<p>Thank you for showing us your Elberfeld so enthusiastically.<\/p>\n<p>Many greetings<\/p>\n<p>Catharina<\/p>\n<p>&nbsp;<\/p>\n<h4 id=\"bericht2\">Laurent &amp; Carolina from Strasbourg and Valencia<\/h4>\n<p>.<\/p>\n<p><img loading=\"lazy\" decoding=\"async\" src=\"http:\/\/www.wuppertal-greeter.de\/wp-content\/uploads\/2020\/01\/Laurent-Carolina-300x225.jpg\" alt=\"\" class=\"alignnone size-medium wp-image-45\" width=\"300\" height=\"225\" srcset=\"https:\/\/www.wuppertal-greeter.de\/wp-content\/uploads\/2020\/01\/Laurent-Carolina-300x225.jpg 300w, https:\/\/www.wuppertal-greeter.de\/wp-content\/uploads\/2020\/01\/Laurent-Carolina-768x576.jpg 768w, https:\/\/www.wuppertal-greeter.de\/wp-content\/uploads\/2020\/01\/Laurent-Carolina.jpg 1000w\" sizes=\"(max-width: 300px) 100vw, 300px\" \/><\/p>\n<p>As an old hand, Ulli showed us the hidden corners of Wuppertal, telling us many details and interesting stories.<\/p>\n<p>The suspension railway is a great means of transport to explore and to see some wonderful views of the city.<\/p>\n<p>We will definitely come to Wuppertal again.<\/p>\n<p>Laurent &amp; Carolina&#8220;<\/p>\n<p>&nbsp;<\/p>\n<p>&nbsp;<\/p>\n<h4 id=\"bericht3\">Silvia from Bielefeld and Chicago<\/h4>\n<p>Jamil\u2019s last greet had visitors from Chicago and Bielefeld.<\/p>\n<p><img loading=\"lazy\" decoding=\"async\" src=\"http:\/\/www.wuppertal-greeter.de\/wp-content\/uploads\/2020\/01\/Greet-mit-Silvia-Bielefeld-und-Chicago-300x225.jpeg\" alt=\"\" class=\"size-medium wp-image-44 alignleft\" width=\"300\" height=\"225\" srcset=\"https:\/\/www.wuppertal-greeter.de\/wp-content\/uploads\/2020\/01\/Greet-mit-Silvia-Bielefeld-und-Chicago-300x225.jpeg 300w, https:\/\/www.wuppertal-greeter.de\/wp-content\/uploads\/2020\/01\/Greet-mit-Silvia-Bielefeld-und-Chicago-1024x768.jpeg 1024w, https:\/\/www.wuppertal-greeter.de\/wp-content\/uploads\/2020\/01\/Greet-mit-Silvia-Bielefeld-und-Chicago-768x576.jpeg 768w, https:\/\/www.wuppertal-greeter.de\/wp-content\/uploads\/2020\/01\/Greet-mit-Silvia-Bielefeld-und-Chicago.jpeg 1416w\" sizes=\"(max-width: 300px) 100vw, 300px\" \/><\/p>\n<p>Jamil: \"The tour went through the Briller Quarter (Briller Quarter) and the Luisen Quarter (Luisenviertel). After a lunch in the restaurant Katzengold, we rode on the suspension railway to explore Wuppertal from above.<\/p>\n<p>It was a nice Sunday Greet that passed much too quickly.\"<\/p>\n<p>&nbsp;<\/p>\n<p>&nbsp;<\/p>\n<h4 id=\"bericht4\" class=\"et_pb_module_header\">Strefanie from M\u00fcnsterland<\/h4>\n<p><img loading=\"lazy\" decoding=\"async\" src=\"http:\/\/www.wuppertal-greeter.de\/wp-content\/uploads\/2020\/02\/ko-300x283-1-300x284.jpg\" alt=\"\" class=\"size-medium wp-image-360 alignleft\" width=\"300\" height=\"284\" srcset=\"https:\/\/www.wuppertal-greeter.de\/wp-content\/uploads\/2020\/02\/ko-300x283-1-300x284.jpg 300w, https:\/\/www.wuppertal-greeter.de\/wp-content\/uploads\/2020\/02\/ko-300x283-1.jpg 310w\" sizes=\"(max-width: 300px) 100vw, 300px\" \/><\/p>\n<p><span>Hello, we really enjoyed the visit. The last time I was in Elberfeld was 40 years ago and now I was more than pleasantly surprised.<\/span><\/p>\n<p><span><br \/>\nElberfeld is chic, young and lively. So much better than its reputation.<br \/>\nSo viel besser als sein Ruf.<\/span><\/p>\n<p><span><br \/>\nAnd our greeter managed to prove this to us with a lot of enthusiasm.<\/span><\/p>\n<p><span><br \/>\nOur conclusion DEFINITELY AGAIN<\/span><\/p>\n<p><span>Kind regards Stefanie<\/span><\/p>\n<hr>\n<div class=\"et_pb_row et_pb_row_2\">\n<div class=\"et_pb_column et_pb_column_1_2 et_pb_column_1 et_pb_css_mix_blend_mode_passthrough\">\n<div class=\"et_pb_module et_pb_image et_pb_image_0 et_always_center_on_mobile\"><\/div>\n<\/div>\n<div class=\"et_pb_column et_pb_column_1_2 et_pb_column_2 et_pb_css_mix_blend_mode_passthrough\">\n<div class=\"et_pb_module et_pb_image et_pb_image_1 et_always_center_on_mobile\"><\/div>\n<\/div>\n<\/div>","protected":false},"excerpt":{"rendered":"<p>Hubert aus Coesfeld \/ M\u00fcnsterland&nbsp; &nbsp;( September 2023 ) Aufmerksam geworden durch die \u00f6rtliche Tageszeitung traten wir 7 Best Ager aus dem M\u00fcnsterland die Reise nach Wuppertal an. Die Terminabsprache lief rasch, zuverl\u00e4ssig und erfolgreich und so lernten wir unseren Greet Gudrun an einem Sonntagvormittag kennen. Der von ihr vorgeschlagene<\/p>","protected":false},"author":2,"featured_media":0,"parent":0,"menu_order":0,"comment_status":"closed","ping_status":"closed","template":"","meta":{"ngg_post_thumbnail":0,"footnotes":""},"class_list":["post-59","page","type-page","status-publish","hentry"],"_links":{"self":[{"href":"https:\/\/www.wuppertal-greeter.de\/en\/wp-json\/wp\/v2\/pages\/59"}],"collection":[{"href":"https:\/\/www.wuppertal-greeter.de\/en\/wp-json\/wp\/v2\/pages"}],"about":[{"href":"https:\/\/www.wuppertal-greeter.de\/en\/wp-json\/wp\/v2\/types\/page"}],"author":[{"embeddable":true,"href":"https:\/\/www.wuppertal-greeter.de\/en\/wp-json\/wp\/v2\/users\/2"}],"replies":[{"embeddable":true,"href":"https:\/\/www.wuppertal-greeter.de\/en\/wp-json\/wp\/v2\/comments?post=59"}],"version-history":[{"count":14,"href":"https:\/\/www.wuppertal-greeter.de\/en\/wp-json\/wp\/v2\/pages\/59\/revisions"}],"predecessor-version":[{"id":825,"href":"https:\/\/www.wuppertal-greeter.de\/en\/wp-json\/wp\/v2\/pages\/59\/revisions\/825"}],"wp:attachment":[{"href":"https:\/\/www.wuppertal-greeter.de\/en\/wp-json\/wp\/v2\/media?parent=59"}],"curies":[{"name":"wp","href":"https:\/\/api.w.org\/{rel}","templated":true}]}}