{"id":52,"date":"2020-01-11T10:57:00","date_gmt":"2020-01-11T10:57:00","guid":{"rendered":"http:\/\/info.wuppertal-greeter.de\/?page_id=52"},"modified":"2020-01-11T10:57:00","modified_gmt":"2020-01-11T10:57:00","slug":"ausgehen-in-wuppertal","status":"publish","type":"page","link":"https:\/\/www.wuppertal-greeter.de\/en\/ausgehen-in-wuppertal\/","title":{"rendered":"Going-out in Wuppertal"},"content":{"rendered":"<p>The Luisenviertel is the bar and nightlife district, which is not far from the city center in Elberfeld.<\/p>\n<p>During the day many small cafes, restaurants and shops open to create a street with a lively but cozy atmosphere.<\/p>\n<p>And of course, there are many more hidden corners to be explored at your leisure.<\/p>\nngg_shortcode_0_placeholder\n<p>&nbsp;&nbsp;<\/p>\n<p>&nbsp;<\/p>\n<hr>\n<p>\u00a9 All photos are from Julia Doberitz<\/p>","protected":false},"excerpt":{"rendered":"<p>Das Luisenviertel ist das Bar- und Ausgehviertel unweit von der Innenstadt in Elberfeld entfernt. Tags\u00fcber \u00f6ffnen kleine Caf\u00e9s, Restaurants und L\u00e4den ihre T\u00fcren. Es gibt nat\u00fcrlich noch viele weitere sch\u00f6ne Ecken. &nbsp; &nbsp;&nbsp; &nbsp; \u00a9 Alle Fotos&nbsp; sind von Julia Doberitz<\/p>","protected":false},"author":2,"featured_media":0,"parent":0,"menu_order":0,"comment_status":"closed","ping_status":"closed","template":"","meta":{"ngg_post_thumbnail":0,"footnotes":""},"class_list":["post-52","page","type-page","status-publish","hentry"],"_links":{"self":[{"href":"https:\/\/www.wuppertal-greeter.de\/en\/wp-json\/wp\/v2\/pages\/52"}],"collection":[{"href":"https:\/\/www.wuppertal-greeter.de\/en\/wp-json\/wp\/v2\/pages"}],"about":[{"href":"https:\/\/www.wuppertal-greeter.de\/en\/wp-json\/wp\/v2\/types\/page"}],"author":[{"embeddable":true,"href":"https:\/\/www.wuppertal-greeter.de\/en\/wp-json\/wp\/v2\/users\/2"}],"replies":[{"embeddable":true,"href":"https:\/\/www.wuppertal-greeter.de\/en\/wp-json\/wp\/v2\/comments?post=52"}],"version-history":[{"count":1,"href":"https:\/\/www.wuppertal-greeter.de\/en\/wp-json\/wp\/v2\/pages\/52\/revisions"}],"predecessor-version":[{"id":53,"href":"https:\/\/www.wuppertal-greeter.de\/en\/wp-json\/wp\/v2\/pages\/52\/revisions\/53"}],"wp:attachment":[{"href":"https:\/\/www.wuppertal-greeter.de\/en\/wp-json\/wp\/v2\/media?parent=52"}],"curies":[{"name":"wp","href":"https:\/\/api.w.org\/{rel}","templated":true}]}}