{"id":290,"date":"2020-01-18T13:56:14","date_gmt":"2020-01-18T13:56:14","guid":{"rendered":"http:\/\/info.wuppertal-greeter.de\/?page_id=290"},"modified":"2022-03-09T08:27:39","modified_gmt":"2022-03-09T08:27:39","slug":"cityplaene","status":"publish","type":"page","link":"https:\/\/www.wuppertal-greeter.de\/en\/cityplaene\/","title":{"rendered":"City plans"},"content":{"rendered":"<h4>City tours for self-exploration and guided tours<\/h4>\n<p>The <a href=\"https:\/\/www.wuppertal-marketing.de\/\" target=\"_blank\" rel=\"noopener noreferrer\">Wuppertal Markting GmbH<\/a> provides you with free plans to explore the city, in addition to the greet.<\/p>\n<p>Would you like to take part in a more extensive city tour with an experienced wuppertaler?<\/p>\n<p>Book one of the many city tours offered by Wuppertal Marketing GmbH. Under the link you will find all city tours. https:\/\/www.wuppertal-marketing.de\/tourismus\/<\/p>\n<p><span>City map <strong>Elberfeld<\/strong> - <strong>Explore Elberfeld on your own<\/strong> &#8211; <a href=\"http:\/\/info.wuppertal-greeter.de\/wp-content\/uploads\/2020\/01\/Cityplan_Elberfeld_8-2018.pdf\" target=\"_blank\" rel=\"noopener noreferrer\">PDF<\/a><br \/>\n<\/span><\/p>\n<p><span>City map <strong>.<\/strong> - <strong>Explore Barmen on your own<\/strong> &#8211; <a href=\"http:\/\/info.wuppertal-greeter.de\/wp-content\/uploads\/2020\/01\/Cityplan_Barmen_8-2018.pdf\" target=\"_blank\" rel=\"noopener noreferrer\">PDF<\/a><\/span><\/p>\n<p><strong>Schwebebahn<\/strong> Cityguide \u2013 From station to station. All 20 stops at a glance. The nearest places of interest \u2013 <a href=\"http:\/\/info.wuppertal-greeter.de\/wp-content\/uploads\/2020\/01\/J01_Schwebebahn_7-2018_DE.pdf\" target=\"_blank\" rel=\"noopener noreferrer\">PDF<\/a><span><a href=\"http:\/\/info.wuppertal-greeter.de\/wp-content\/uploads\/2020\/01\/A01_Stadtfu__hrungen_2020_web.pdf\" target=\"_blank\" rel=\"noopener noreferrer\"><\/a><\/span><\/p>\n<div id=\"attachment_403\" style=\"width: 760px\" class=\"wp-caption aligncenter\"><img loading=\"lazy\" decoding=\"async\" aria-describedby=\"caption-attachment-403\" src=\"http:\/\/www.wuppertal-greeter.de\/wp-content\/uploads\/2020\/02\/CityangeboteSchwebebahn_5D_19568_Foto_Malte_Reiter2-1024x683.jpg\" alt=\"Cityangebote Schwebebahn\" class=\"wp-image-403 size-large\" width=\"750\" height=\"500\" srcset=\"https:\/\/www.wuppertal-greeter.de\/wp-content\/uploads\/2020\/02\/CityangeboteSchwebebahn_5D_19568_Foto_Malte_Reiter2-1024x683.jpg 1024w, https:\/\/www.wuppertal-greeter.de\/wp-content\/uploads\/2020\/02\/CityangeboteSchwebebahn_5D_19568_Foto_Malte_Reiter2-300x200.jpg 300w, https:\/\/www.wuppertal-greeter.de\/wp-content\/uploads\/2020\/02\/CityangeboteSchwebebahn_5D_19568_Foto_Malte_Reiter2-768x512.jpg 768w, https:\/\/www.wuppertal-greeter.de\/wp-content\/uploads\/2020\/02\/CityangeboteSchwebebahn_5D_19568_Foto_Malte_Reiter2-1536x1024.jpg 1536w, https:\/\/www.wuppertal-greeter.de\/wp-content\/uploads\/2020\/02\/CityangeboteSchwebebahn_5D_19568_Foto_Malte_Reiter2-2048x1365.jpg 2048w, https:\/\/www.wuppertal-greeter.de\/wp-content\/uploads\/2020\/02\/CityangeboteSchwebebahn_5D_19568_Foto_Malte_Reiter2-360x240.jpg 360w\" sizes=\"(max-width: 750px) 100vw, 750px\" \/><p id=\"caption-attachment-403\" class=\"wp-caption-text\">\u00a9 Foto Malte Reiter<\/p><\/div>","protected":false},"excerpt":{"rendered":"<p>Stadtrundg\u00e4nge zur Selbsterkundung und Stadtf\u00fchrungen Die Wuppertal Markting GmbH stellt euch kostenlose Pl\u00e4ne zum Erkunden der Stadt, zus\u00e4tzlich zum Greet bereit. M\u00f6chtet ihr an einer umfangreicheren Stadtf\u00fchrung mit einem Experten teilnehmen? Bucht einen von zahlreichen Stadtf\u00fchrungen von der Wuppertal Marketing GmbH. Unter dem Link Stadtf\u00fchrungen 2020 findet ihr alle Stadtf\u00fchrungen<\/p>","protected":false},"author":2,"featured_media":0,"parent":0,"menu_order":0,"comment_status":"closed","ping_status":"closed","template":"","meta":{"ngg_post_thumbnail":0,"footnotes":""},"class_list":["post-290","page","type-page","status-publish","hentry"],"_links":{"self":[{"href":"https:\/\/www.wuppertal-greeter.de\/en\/wp-json\/wp\/v2\/pages\/290"}],"collection":[{"href":"https:\/\/www.wuppertal-greeter.de\/en\/wp-json\/wp\/v2\/pages"}],"about":[{"href":"https:\/\/www.wuppertal-greeter.de\/en\/wp-json\/wp\/v2\/types\/page"}],"author":[{"embeddable":true,"href":"https:\/\/www.wuppertal-greeter.de\/en\/wp-json\/wp\/v2\/users\/2"}],"replies":[{"embeddable":true,"href":"https:\/\/www.wuppertal-greeter.de\/en\/wp-json\/wp\/v2\/comments?post=290"}],"version-history":[{"count":17,"href":"https:\/\/www.wuppertal-greeter.de\/en\/wp-json\/wp\/v2\/pages\/290\/revisions"}],"predecessor-version":[{"id":672,"href":"https:\/\/www.wuppertal-greeter.de\/en\/wp-json\/wp\/v2\/pages\/290\/revisions\/672"}],"wp:attachment":[{"href":"https:\/\/www.wuppertal-greeter.de\/en\/wp-json\/wp\/v2\/media?parent=290"}],"curies":[{"name":"wp","href":"https:\/\/api.w.org\/{rel}","templated":true}]}}