{"id":82,"date":"2020-01-11T16:27:33","date_gmt":"2020-01-11T16:27:33","guid":{"rendered":"http:\/\/info.wuppertal-greeter.de\/?page_id=82"},"modified":"2022-11-01T20:33:34","modified_gmt":"2022-11-01T20:33:34","slug":"unterstuetzer","status":"publish","type":"page","link":"https:\/\/www.wuppertal-greeter.de\/de\/unterstuetzer\/","title":{"rendered":"Unterst\u00fctzer"},"content":{"rendered":"<p>Tolle Projekte k\u00f6nnen nicht ohne entsprechende Unterst\u00fctzung realisiert werden. Deshalb danken wir folgenden Einrichtungen f\u00fcr Ihre Unterst\u00fctzung:<\/p>\n<p><a href=\"https:\/\/www.zentrumfuergutetaten.de\/aktionen\" target=\"_blank\" rel=\"noopener noreferrer\"><img loading=\"lazy\" decoding=\"async\" src=\"http:\/\/www.wuppertal-greeter.de\/wp-content\/uploads\/2020\/01\/ZgT-logo.png\" alt=\"\" class=\"size-full wp-image-351 aligncenter\" width=\"206\" height=\"97\"><\/a><\/p>\n<p>&nbsp;<\/p>\n<p><a href=\"https:\/\/www.wuppertal-marketing.de\/\" target=\"_blank\" rel=\"noopener noreferrer\"><img loading=\"lazy\" decoding=\"async\" src=\"http:\/\/www.wuppertal-greeter.de\/wp-content\/uploads\/2020\/01\/L_WMG_CMYK-Kopie-300x40.jpg\" alt=\"\" class=\"size-medium wp-image-182 aligncenter\" width=\"300\" height=\"40\" srcset=\"https:\/\/www.wuppertal-greeter.de\/wp-content\/uploads\/2020\/01\/L_WMG_CMYK-Kopie-300x40.jpg 300w, https:\/\/www.wuppertal-greeter.de\/wp-content\/uploads\/2020\/01\/L_WMG_CMYK-Kopie.jpg 625w\" sizes=\"(max-width: 300px) 100vw, 300px\" \/><\/a>&#8222;Wuppertal ist weltber\u00fchmt f\u00fcr die Schwebebahn und die Geschichte des Elefanten Tuffi, f\u00fcr das Tanztheater Pina Bausch und die breit aufgestellte Kulturszene \u2013 und f\u00fcr seine Vielseitigkeit.<\/p>\n<p>Uns, der Wuppertal Marketing GmbH ist es wichtig, G\u00e4sten unser Wuppertal n\u00e4her zu bringen. Und wer kann das neben unseren Stadtf\u00fchrern besser, als Menschen, die sich ihrer Heimat so verbunden f\u00fchlen, wie die Greeter. Hier f\u00fchren Insider<br \/>\nhinter die Kulissen, zeigen ihre Lieblingsorte und geben Tipps, was man hier auf keinen Fall verpassen sollte.<\/p>\n<p>Wir freuen uns, die Gruppe der Wuppertaler Greeter zu unterst\u00fctzen und das Projekt gemeinsam nach vorne zu bringen.&#8220;<\/p>\n<p>&nbsp;<\/p>\n<p><a href=\"https:\/\/internationalgreeter.org\/de\" target=\"_blank\" rel=\"noopener noreferrer\"><img loading=\"lazy\" decoding=\"async\" src=\"http:\/\/www.wuppertal-greeter.de\/wp-content\/uploads\/2020\/01\/IGA-Logo-landscape_528_200px_300dpi_transparen-300x114.png\" alt=\"\" class=\"size-medium wp-image-350 aligncenter\" width=\"300\" height=\"114\" srcset=\"https:\/\/www.wuppertal-greeter.de\/wp-content\/uploads\/2020\/01\/IGA-Logo-landscape_528_200px_300dpi_transparen-300x114.png 300w, https:\/\/www.wuppertal-greeter.de\/wp-content\/uploads\/2020\/01\/IGA-Logo-landscape_528_200px_300dpi_transparen.png 528w\" sizes=\"(max-width: 300px) 100vw, 300px\" \/><\/a><a href=\"https:\/\/www.deutschland-greeter.de\/\" target=\"_blank\" rel=\"noopener noreferrer\"><img loading=\"lazy\" decoding=\"async\" src=\"http:\/\/www.wuppertal-greeter.de\/wp-content\/uploads\/2020\/01\/DGN_300_72.jpg\" alt=\"\" class=\"wp-image-131 aligncenter\" width=\"121\" height=\"121\" srcset=\"https:\/\/www.wuppertal-greeter.de\/wp-content\/uploads\/2020\/01\/DGN_300_72.jpg 300w, https:\/\/www.wuppertal-greeter.de\/wp-content\/uploads\/2020\/01\/DGN_300_72-150x150.jpg 150w\" sizes=\"(max-width: 121px) 100vw, 121px\" \/><\/a><\/p>\n<p style=\"text-align: center;\">Auch du kannst das Projekt mit <a href=\"unterstuetze-das-projekt-mit-spenden\/\">Spenden unterst\u00fctzen<\/a>.<\/p>\n","protected":false},"excerpt":{"rendered":"<p>Tolle Projekte k\u00f6nnen nicht ohne entsprechende Unterst\u00fctzung realisiert werden. Deshalb danken wir folgenden Einrichtungen f\u00fcr Ihre Unterst\u00fctzung: &nbsp; &#8222;Wuppertal ist weltber\u00fchmt f\u00fcr die Schwebebahn und die Geschichte des Elefanten Tuffi, f\u00fcr das Tanztheater Pina Bausch und die breit aufgestellte Kulturszene \u2013 und f\u00fcr seine Vielseitigkeit. Uns, der Wuppertal Marketing GmbH<\/p>\n","protected":false},"author":2,"featured_media":0,"parent":0,"menu_order":0,"comment_status":"closed","ping_status":"closed","template":"","meta":{"ngg_post_thumbnail":0,"footnotes":""},"class_list":["post-82","page","type-page","status-publish","hentry"],"_links":{"self":[{"href":"https:\/\/www.wuppertal-greeter.de\/de\/wp-json\/wp\/v2\/pages\/82"}],"collection":[{"href":"https:\/\/www.wuppertal-greeter.de\/de\/wp-json\/wp\/v2\/pages"}],"about":[{"href":"https:\/\/www.wuppertal-greeter.de\/de\/wp-json\/wp\/v2\/types\/page"}],"author":[{"embeddable":true,"href":"https:\/\/www.wuppertal-greeter.de\/de\/wp-json\/wp\/v2\/users\/2"}],"replies":[{"embeddable":true,"href":"https:\/\/www.wuppertal-greeter.de\/de\/wp-json\/wp\/v2\/comments?post=82"}],"version-history":[{"count":10,"href":"https:\/\/www.wuppertal-greeter.de\/de\/wp-json\/wp\/v2\/pages\/82\/revisions"}],"predecessor-version":[{"id":735,"href":"https:\/\/www.wuppertal-greeter.de\/de\/wp-json\/wp\/v2\/pages\/82\/revisions\/735"}],"wp:attachment":[{"href":"https:\/\/www.wuppertal-greeter.de\/de\/wp-json\/wp\/v2\/media?parent=82"}],"curies":[{"name":"wp","href":"https:\/\/api.w.org\/{rel}","templated":true}]}}