{"id":78,"date":"2020-01-11T16:26:22","date_gmt":"2020-01-11T16:26:22","guid":{"rendered":"http:\/\/info.wuppertal-greeter.de\/?page_id=78"},"modified":"2020-08-01T05:33:07","modified_gmt":"2020-08-01T05:33:07","slug":"ueber-die-greeter","status":"publish","type":"page","link":"https:\/\/www.wuppertal-greeter.de\/de\/ueber-die-greeter\/","title":{"rendered":"\u00dcber die Greeter"},"content":{"rendered":"<h2>Die Idee<\/h2>\n<p>Die Idee wurde 1992 in New York geboren, als Lynn Brooks die \u201cBig Apple Greeters\u201d gr\u00fcndete. Seitdem wurden Greeter-Gruppen in mehr als 130 St\u00e4dten und Regionen rund um die Welt gegr\u00fcndet, von Argentinien bis Vietnam. Erfahre mehr \u00fcber<a href=\"https:\/\/internationalgreeter.org\/idea\/lynn-brooks\/\" target=\"_blank\" rel=\"noopener noreferrer\"> Lynn Brooks und die Geschichte der Greeter Idee<\/a>.<\/p>\n<p>Alle Greetergruppen teilen die gleichen Grundwerte.<\/p>\n<p>Greeter begr\u00fc\u00dfen G\u00e4ste ihrer Stadt\/Region und begleiten sie auf einem zwei- bis dreist\u00fcndigen, sehr pers\u00f6nlichen Rundgang abseits der \u00fcblichen Touristenpfade.<br \/>\nGreeter sind Freiwillige, die ihre Stadt\/Region lieben und diese Liebe gerne mit ihren G\u00e4sten teilen.<br \/>\nW\u00e4hrend eines Rundgangs wirst Du die Stadt zu Fu\u00df oder mit \u00f6ffentlichen Verkehrsmitteln erkunden. Ob Du eine Stadt zum ersten Mal besuchst oder regelm\u00e4\u00dfig, die Greeter freuen sich auf Dich.<\/p>\n<h2>Unsere Grundwerte<\/h2>\n<ol>\n<li>Greeter arbeiten ehrenamtlich, sie bereiten all ihren Besuchern einen freundlichen Empfang.<\/li>\n<li>Greeter begr\u00fc\u00dfen einzelne G\u00e4ste bzw. sehr kleine Gruppen bis maximal 6 Personen. Im Vordergrund steht der Dialog zwischen Greeter und Gast.<\/li>\n<li>Der Spaziergang mit einem Greeter ist kostenlos.<\/li>\n<li>Alle G\u00e4ste und Ehrenamtliche sind ohne Diskriminierung willkommen.<\/li>\n<li>Die Greeterprogramme unterst\u00fctzen nachhaltigen Tourismus. Sie respektieren die nat\u00fcrliche und soziale Umwelt und f\u00f6rdern die kulturelle Entwicklung lokaler Gemeinschaften. Greeter f\u00f6rdern das Image ihres Heimatortes \/ ihrer Region.<\/li>\n<li>Die Greeterprogramme bieten Greetern und G\u00e4sten die M\u00f6glichkeit zum gegenseitigen kulturellen Austausch. Sie helfen beim Aufbau einer besseren Welt, indem sie Kontakt von Mensch zu Mensch herstellen.<\/li>\n<\/ol>\n<h3 id=\"faq\"><\/h3>\n<h2>H\u00e4ufige Fragen (faq)<\/h2>\n<div id=\"accordions-211\" class=\"accordions-211 accordions\" data-accordions={&quot;lazyLoad&quot;:true,&quot;id&quot;:&quot;211&quot;,&quot;event&quot;:&quot;click&quot;,&quot;collapsible&quot;:&quot;true&quot;,&quot;heightStyle&quot;:&quot;content&quot;,&quot;animateStyle&quot;:&quot;swing&quot;,&quot;animateDelay&quot;:1000,&quot;navigation&quot;:true,&quot;active&quot;:999,&quot;expandedOther&quot;:&quot;no&quot;}>\r\n                <div id=\"accordions-lazy-211\" class=\"accordions-lazy\" accordionsId=\"211\">\r\n                    <\/div>\r\n\r\n    <div class=\"items\"  style=\"display:none\" >\r\n    \r\n            <div post_id=\"211\" itemcount=\"0\"  header_id=\"header-1578817680234\" id=\"header-1578817680234\" style=\"\" class=\"accordions-head head1578817680234 border-semi-round\" toggle-text=\"\" main-text=\"Was ist ein Greet?\">\r\n                                    <span id=\"accordion-icons-1578817680234\" class=\"accordion-icons\">\r\n                        <span class=\"accordion-icon-active accordion-plus\"><i class=\"fa fas fa-chevron-up\"><\/i><\/span>\r\n                        <span class=\"accordion-icon-inactive accordion-minus\"><i class=\"fa fas fa-chevron-down\"><\/i><\/span>\r\n                    <\/span>\r\n                    <span id=\"header-text-1578817680234\" class=\"accordions-head-title\">Was ist ein Greet?<\/span>\r\n                            <\/div>\r\n            <div class=\"accordion-content content1578817680234 \">\r\n                <p>Unsere zwei- bis dreist\u00fcndigen Spazierg\u00e4nge richten sich nach unseren und den Interessen unserer G\u00e4ste. Wir Greeter engagieren uns freiwillig und melden uns f\u00fcr die Anfragen, auf die wir Lust haben. Wir treffen unsere G\u00e4ste auf Augenh\u00f6he und interessieren uns auch f\u00fcr ihren Hintergrund. So k\u00f6nnen aus G\u00e4sten Freunde werden.<\/p>\n<p>Achtung: Ein Greet ist keine Stadtf\u00fchrung! Ein Greet ist nicht zu \u201ebuchen\u201c!<\/p>\n            <\/div>\r\n    \r\n            <div post_id=\"211\" itemcount=\"1\"  header_id=\"header-1578818053659\" id=\"header-1578818053659\" style=\"\" class=\"accordions-head head1578818053659 border-semi-round\" toggle-text=\"\" main-text=\"Was kostet ein Greet?\">\r\n                                    <span id=\"accordion-icons-1578818053659\" class=\"accordion-icons\">\r\n                        <span class=\"accordion-icon-active accordion-plus\"><i class=\"fa fas fa-chevron-up\"><\/i><\/span>\r\n                        <span class=\"accordion-icon-inactive accordion-minus\"><i class=\"fa fas fa-chevron-down\"><\/i><\/span>\r\n                    <\/span>\r\n                    <span id=\"header-text-1578818053659\" class=\"accordions-head-title\">Was kostet ein Greet?<\/span>\r\n                            <\/div>\r\n            <div class=\"accordion-content content1578818053659 \">\r\n                <p>Ein Greet kostet nichts. Wir haben Freude daran, Euch kennenzulernen und Euch unser Wuppertal zu zeigen.<\/p>\n<p>\u00dcber <a href=\"\/unterstuetze-das-projekt-mit-spenden\/\">Spenden<\/a> (f\u00fcr z. B. Flyer etc.) auf unser Vereinskonto freuen wir uns aber sehr!<\/p>\n            <\/div>\r\n    \r\n            <div post_id=\"211\" itemcount=\"2\"  header_id=\"header-1578818243508\" id=\"header-1578818243508\" style=\"\" class=\"accordions-head head1578818243508 border-semi-round\" toggle-text=\"\" main-text=\"Wie kann man einen Greet anfragen?\">\r\n                                    <span id=\"accordion-icons-1578818243508\" class=\"accordion-icons\">\r\n                        <span class=\"accordion-icon-active accordion-plus\"><i class=\"fa fas fa-chevron-up\"><\/i><\/span>\r\n                        <span class=\"accordion-icon-inactive accordion-minus\"><i class=\"fa fas fa-chevron-down\"><\/i><\/span>\r\n                    <\/span>\r\n                    <span id=\"header-text-1578818243508\" class=\"accordions-head-title\">Wie kann man einen Greet anfragen?<\/span>\r\n                            <\/div>\r\n            <div class=\"accordion-content content1578818243508 \">\r\n                <p>\u00dcber unser <a href=\"\/greet-anfragen\/\" target=\"_blank\" rel=\"noopener\">Anfrageformular<\/a> bittest Du um einen Greet.<\/p>\n<p>Sobald wir einen passenden Greeter gefunden haben, schicken wir Dir die Kontaktdaten zu. Ab jetzt habt Ihr, Du und Dein Greeter, alle Details zu Eurem Spaziergang gemeinsam in der Hand.<\/p>\n<p>Wenn sich kein Greeter meldet, m\u00fcssen wir Dir leider eine Absage schicken.<\/p>\n            <\/div>\r\n    \r\n            <div post_id=\"211\" itemcount=\"3\"  header_id=\"header-1578818409049\" id=\"header-1578818409049\" style=\"\" class=\"accordions-head head1578818409049 border-semi-round\" toggle-text=\"\" main-text=\"Wie kommen Gast und Greeter zueinander?\">\r\n                                    <span id=\"accordion-icons-1578818409049\" class=\"accordion-icons\">\r\n                        <span class=\"accordion-icon-active accordion-plus\"><i class=\"fa fas fa-chevron-up\"><\/i><\/span>\r\n                        <span class=\"accordion-icon-inactive accordion-minus\"><i class=\"fa fas fa-chevron-down\"><\/i><\/span>\r\n                    <\/span>\r\n                    <span id=\"header-text-1578818409049\" class=\"accordions-head-title\">Wie kommen Gast und Greeter zueinander?<\/span>\r\n                            <\/div>\r\n            <div class=\"accordion-content content1578818409049 \">\r\n                <p>Sobald wir einen passenden Greeter gefunden haben, erh\u00e4lt der Gast alle notwendigen Informationen (Name, Telefon, Email), um das Treffen im Details zu verabreden.<\/p>\n<p>Eine Kopie geht an den Greeter. Von diesem Moment an, sind Gast und Greeter auf sich allein gestellt.<\/p>\n            <\/div>\r\n    \r\n            <div post_id=\"211\" itemcount=\"4\"  header_id=\"header-1578818586614\" id=\"header-1578818586614\" style=\"\" class=\"accordions-head head1578818586614 border-semi-round\" toggle-text=\"\" main-text=\"Wie viele Leute sind in einer Gruppe?\">\r\n                                    <span id=\"accordion-icons-1578818586614\" class=\"accordion-icons\">\r\n                        <span class=\"accordion-icon-active accordion-plus\"><i class=\"fa fas fa-chevron-up\"><\/i><\/span>\r\n                        <span class=\"accordion-icon-inactive accordion-minus\"><i class=\"fa fas fa-chevron-down\"><\/i><\/span>\r\n                    <\/span>\r\n                    <span id=\"header-text-1578818586614\" class=\"accordions-head-title\">Wie viele Leute sind in einer Gruppe?<\/span>\r\n                            <\/div>\r\n            <div class=\"accordion-content content1578818586614 \">\r\n                <p>Die maximale Gruppengr\u00f6\u00dfe liegt bei 6 Personen, denn die Greeter m\u00f6chten ihre G\u00e4ste individuell betreuen und die Stadt wie mit Freunden erkunden. <\/p>\n<p>Die G\u00e4ste kennen sich immer untereinander, denn wir legen Greetanfragen grunds\u00e4tzlich nicht zusammen \u2013 auch nicht bei Engp\u00e4ssen.<\/p>\n            <\/div>\r\n    <\/div>\r\n\r\n\r\n\r\n            <\/div>\n<p>&nbsp;<\/p>\n<p>&nbsp;<\/p>\n","protected":false},"excerpt":{"rendered":"<p>Die Idee Die Idee wurde 1992 in New York geboren, als Lynn Brooks die \u201cBig Apple Greeters\u201d gr\u00fcndete. Seitdem wurden Greeter-Gruppen in mehr als 130 St\u00e4dten und Regionen rund um die Welt gegr\u00fcndet, von Argentinien bis Vietnam. Erfahre mehr \u00fcber Lynn Brooks und die Geschichte der Greeter Idee. Alle Greetergruppen<\/p>\n","protected":false},"author":2,"featured_media":0,"parent":0,"menu_order":0,"comment_status":"closed","ping_status":"closed","template":"","meta":{"ngg_post_thumbnail":0,"footnotes":""},"class_list":["post-78","page","type-page","status-publish","hentry"],"_links":{"self":[{"href":"https:\/\/www.wuppertal-greeter.de\/de\/wp-json\/wp\/v2\/pages\/78"}],"collection":[{"href":"https:\/\/www.wuppertal-greeter.de\/de\/wp-json\/wp\/v2\/pages"}],"about":[{"href":"https:\/\/www.wuppertal-greeter.de\/de\/wp-json\/wp\/v2\/types\/page"}],"author":[{"embeddable":true,"href":"https:\/\/www.wuppertal-greeter.de\/de\/wp-json\/wp\/v2\/users\/2"}],"replies":[{"embeddable":true,"href":"https:\/\/www.wuppertal-greeter.de\/de\/wp-json\/wp\/v2\/comments?post=78"}],"version-history":[{"count":5,"href":"https:\/\/www.wuppertal-greeter.de\/de\/wp-json\/wp\/v2\/pages\/78\/revisions"}],"predecessor-version":[{"id":471,"href":"https:\/\/www.wuppertal-greeter.de\/de\/wp-json\/wp\/v2\/pages\/78\/revisions\/471"}],"wp:attachment":[{"href":"https:\/\/www.wuppertal-greeter.de\/de\/wp-json\/wp\/v2\/media?parent=78"}],"curies":[{"name":"wp","href":"https:\/\/api.w.org\/{rel}","templated":true}]}}