{"id":74,"date":"2020-01-11T16:25:23","date_gmt":"2020-01-11T16:25:23","guid":{"rendered":"http:\/\/info.wuppertal-greeter.de\/?page_id=74"},"modified":"2022-05-26T16:49:30","modified_gmt":"2022-05-26T16:49:30","slug":"stadtbezirke-und-quartiere","status":"publish","type":"page","link":"https:\/\/www.wuppertal-greeter.de\/de\/stadtbezirke-und-quartiere\/","title":{"rendered":"Stadtbezirke und Quartiere"},"content":{"rendered":"<p>Mit 8 Stadtbezirken und 69 Quartieren l\u00e4sst sich vieles in Wuppertal entdecken.<\/p>\n<p>Wir stellen euch einige exemplarisch vor.<\/p>\n<h4>Elberfeld<\/h4>\n<div id=\"attachment_127\" style=\"width: 395px\" class=\"wp-caption alignleft\"><img loading=\"lazy\" decoding=\"async\" aria-describedby=\"caption-attachment-127\" src=\"http:\/\/info.wuppertal-greeter.de\/wp-content\/uploads\/2020\/01\/bearbeitet-300x184.jpg\" alt=\"\" class=\"wp-image-127\" width=\"385\" height=\"236\" srcset=\"https:\/\/www.wuppertal-greeter.de\/wp-content\/uploads\/2020\/01\/bearbeitet-300x184.jpg 300w, https:\/\/www.wuppertal-greeter.de\/wp-content\/uploads\/2020\/01\/bearbeitet-1024x628.jpg 1024w, https:\/\/www.wuppertal-greeter.de\/wp-content\/uploads\/2020\/01\/bearbeitet-768x471.jpg 768w, https:\/\/www.wuppertal-greeter.de\/wp-content\/uploads\/2020\/01\/bearbeitet-1536x942.jpg 1536w, https:\/\/www.wuppertal-greeter.de\/wp-content\/uploads\/2020\/01\/bearbeitet-2048x1256.jpg 2048w\" sizes=\"(max-width: 385px) 100vw, 385px\" \/><p id=\"caption-attachment-127\" class=\"wp-caption-text\">\u00a9 Foto Jamil Hmida<\/p><\/div>\n<p><strong>Elberfeld<\/strong> geh\u00f6rt zu einem der beiden zentral gelegenen Stadtteilen in Wuppertal. Mit 133.230 Einwohnern (Stand 31.12.2018) ist er auch der bev\u00f6lkerungsreichste.<\/p>\n<p>Neben dem modernen Einkaufszentrum \u201eCity-Arkaden\u201c, unweit des Hauptbahnhofs gelegen, und der seit 1969 bestehenden Fu\u00dfg\u00e4ngerzone \u2013 einer der ersten in Deutschland \u2013 findet man im Zentrum das lebhafte und als \u201eWuppertaler Altstadt\u201c geltende Luisenviertel mit kleinen individuellen Boutiquen und einladenden Gastst\u00e4tten.<\/p>\n<p>Au\u00dferdem bietet Elberfeld am Neumarkt das fr\u00fchere Rathaus, den Laurentiusplatz mit der gleichnamigen Basilika, die pr\u00e4chtige, 1900 errichtete und in den 1990er Jahren aufw\u00e4ndig restaurierte Historische Stadthalle, das renommierte Von der Heydt-Kunstmuseum und das Briller Viertel, mit seinen alten Stadtvillen aus der Gr\u00fcnderzeit.<\/p>\n<p>&nbsp;<\/p>\nngg_shortcode_0_placeholder\n<h4>Barmen<\/h4>\n<div id=\"attachment_117\" style=\"width: 374px\" class=\"wp-caption alignleft\"><img loading=\"lazy\" decoding=\"async\" aria-describedby=\"caption-attachment-117\" src=\"http:\/\/info.wuppertal-greeter.de\/wp-content\/uploads\/2020\/01\/20171117_165428-300x225.jpg\" alt=\"\" class=\"wp-image-117\" width=\"364\" height=\"273\" srcset=\"https:\/\/www.wuppertal-greeter.de\/wp-content\/uploads\/2020\/01\/20171117_165428-300x225.jpg 300w, https:\/\/www.wuppertal-greeter.de\/wp-content\/uploads\/2020\/01\/20171117_165428-1024x768.jpg 1024w, https:\/\/www.wuppertal-greeter.de\/wp-content\/uploads\/2020\/01\/20171117_165428-768x576.jpg 768w, https:\/\/www.wuppertal-greeter.de\/wp-content\/uploads\/2020\/01\/20171117_165428-1536x1152.jpg 1536w, https:\/\/www.wuppertal-greeter.de\/wp-content\/uploads\/2020\/01\/20171117_165428-2048x1536.jpg 2048w\" sizes=\"(max-width: 364px) 100vw, 364px\" \/><p id=\"caption-attachment-117\" class=\"wp-caption-text\">\u00a9 Foto Jamil Hmida<\/p><\/div>\n<p>Der Stadtteil <strong>Barmen<\/strong>, mit 128.964 Einwohnern (Stand 31.12.2018) bildet den \u00f6stlichen Gegenpol zu Elberfeld. Hier gibt es einen eigenen Stadtkern mit Fu\u00dfg\u00e4ngerzonen. Die Bundestra\u00dfe B7 verbindet Elberfeld und Barmen.<br \/>\nBarmen ist gepr\u00e4gt von zahlreichen denkmalgesch\u00fctzten Geb\u00e4uden. Dazu geh\u00f6ren unter anderem das 1921 errichtete Rathaus der Stadt, das Gesellschaftshaus \u201eConcordia\u201c von 1898, die 1900 erbaute \u201eRuhmeshalle\u201c (heute: Haus der Jugend Barmen), das Stadtbad Kleine Flurstra\u00dfe von 1882 (heute: Wuppertaler Brauhaus) und die Wohn- und Gesch\u00e4ftsh\u00e4user Werth 71 bis 79.<br \/>\nAuf den S\u00fcdh\u00e4ngen Barmens lockt der Skulpturenpark Waldfrieden des renommierten Bildhauers Tony Cragg Besucherinnen und Besucher an. Weitere Highlights in Barmen, im Tal an der B7 gelegen, sind die Wuppertaler Oper, das Geburtshaus Friedrich Engels&#8216; und das benachbarte Museum f\u00fcr Fr\u00fchindustrialisierung.<\/p>\n<h4>Vohwinkel<\/h4>\n<div id=\"attachment_259\" style=\"width: 310px\" class=\"wp-caption alignleft\"><img loading=\"lazy\" decoding=\"async\" aria-describedby=\"caption-attachment-259\" src=\"http:\/\/www.wuppertal-greeter.de\/wp-content\/uploads\/2020\/01\/IMG_20180406_140743-1-300x293.jpg\" alt=\"\" class=\"wp-image-259 size-medium\" width=\"300\" height=\"293\" srcset=\"https:\/\/www.wuppertal-greeter.de\/wp-content\/uploads\/2020\/01\/IMG_20180406_140743-1-300x293.jpg 300w, https:\/\/www.wuppertal-greeter.de\/wp-content\/uploads\/2020\/01\/IMG_20180406_140743-1-1024x1000.jpg 1024w, https:\/\/www.wuppertal-greeter.de\/wp-content\/uploads\/2020\/01\/IMG_20180406_140743-1-768x750.jpg 768w, https:\/\/www.wuppertal-greeter.de\/wp-content\/uploads\/2020\/01\/IMG_20180406_140743-1-1536x1500.jpg 1536w, https:\/\/www.wuppertal-greeter.de\/wp-content\/uploads\/2020\/01\/IMG_20180406_140743-1-2048x2000.jpg 2048w\" sizes=\"(max-width: 300px) 100vw, 300px\" \/><p id=\"caption-attachment-259\" class=\"wp-caption-text\">\u00a9 Foto Julia Doberitz<\/p><\/div>\n<p>Drittgr\u00f6\u00dfter Stadtteil ist das im Westen gelegene <strong>Vohwinkel<\/strong> mit 31.403 Einwohnern (Stand 31.12.2019). Bis zur St\u00e4dtefusion 1929 geh\u00f6rte es zum Kreis Mettmann. Sehenswert ist das historische Rathaus, das von 1897 bis 1898 erbaut wurde. Heute wird das Geb\u00e4ude f\u00fcr die Bezirksverwaltungsstelle Vohwinkel mit Bezirksvertretung, Sozialem Dienst, Einwohnermeldestelle und Stadtbibliothek genutzt.<\/p>\n<p>In Vohwinkel befinden sich die Zentralwerkstatt und eine der beiden Wagenhallen der Wuppertaler Schwebebahn. Von den Bahnsteigen des Endbahnhofs hat man einen Blick hinein.<\/p>\n<p>Idyllisch gelegen, ist das Schloss L\u00fcntenbeck, ein ehemaliger, um das Jahr 1250 erstmals urkundlich erw\u00e4hnter Rittersitz, einen Besuch wert. Das Geb\u00e4ude wurde in der Barockzeit zu einem zweieinhalbgeschossigen Schl\u00f6sschen mit angebautem Turm umgebaut.<\/p>\n<p>Der einst gr\u00f6\u00dfte Eintages-Flohmarkt der Welt ist in Vohwinkel zu finden. Dieser fand seit 1971 unter dem Ger\u00fcst der Schwebebahn statt und z\u00e4hlte bis zu 300.000 Besucherinnen und Besucher.<\/p>\n<h4>Langerfeld und Beyenburg<\/h4>\n<p>Schlie\u00dflich finden sich am \u00f6stlichen Rand Wuppertals die einen Stadtbezirk bildenden, bei der Vereinigung 1929 zu Barmen geh\u00f6renden Ortsteile Langerfeld und Beyenburg mit insgesamt 24.805 Einwohnern (2018).<\/p>\n<p><strong>Langerfeld<\/strong> (ca. 21.000 Einwohner) geh\u00f6rte bis 1922 zum westf\u00e4lischen Landkreis Schwelm. Sehenswert ist hier das multifunktionale Kulturzentrum Bandfabrik in einer von vielen ehemaligen Bandwebereien in Wuppertal. Au\u00dferdem gibt es hier das Jugendzentrum \u201eJULA\u201c sowie ein Kindermuseum in der unter Denkmalschutz stehenden Villa Beckmanshagen. Es war 1986 in Deutschland das erste Museum seiner Art und das einzige, das Kunst von Kindern und f\u00fcr Kinder pr\u00e4sentiert. Die Ausstellung umfasst rund hundert Exponate, wobei das Zielpublikum nicht nur auf Kinder beschr\u00e4nkt ist.<\/p>\n<div id=\"attachment_397\" style=\"width: 310px\" class=\"wp-caption aligncenter\"><img loading=\"lazy\" decoding=\"async\" aria-describedby=\"caption-attachment-397\" src=\"http:\/\/www.wuppertal-greeter.de\/wp-content\/uploads\/2020\/02\/Stausee_Beyenburg_02_Foto_Wupperverband18-300x200.jpg\" alt=\"Stausee Beyenburg\" class=\"size-medium wp-image-397\" width=\"300\" height=\"200\" srcset=\"https:\/\/www.wuppertal-greeter.de\/wp-content\/uploads\/2020\/02\/Stausee_Beyenburg_02_Foto_Wupperverband18-300x200.jpg 300w, https:\/\/www.wuppertal-greeter.de\/wp-content\/uploads\/2020\/02\/Stausee_Beyenburg_02_Foto_Wupperverband18-1024x683.jpg 1024w, https:\/\/www.wuppertal-greeter.de\/wp-content\/uploads\/2020\/02\/Stausee_Beyenburg_02_Foto_Wupperverband18-768x512.jpg 768w, https:\/\/www.wuppertal-greeter.de\/wp-content\/uploads\/2020\/02\/Stausee_Beyenburg_02_Foto_Wupperverband18-1536x1024.jpg 1536w, https:\/\/www.wuppertal-greeter.de\/wp-content\/uploads\/2020\/02\/Stausee_Beyenburg_02_Foto_Wupperverband18-2048x1365.jpg 2048w, https:\/\/www.wuppertal-greeter.de\/wp-content\/uploads\/2020\/02\/Stausee_Beyenburg_02_Foto_Wupperverband18-360x240.jpg 360w\" sizes=\"(max-width: 300px) 100vw, 300px\" \/><p id=\"caption-attachment-397\" class=\"wp-caption-text\">\u00a9 Foto Wupperverband \/ Wuppertal Marketing<\/p><\/div>\n<p>Der historische Ortskern <strong>Beyenburgs<\/strong> (zirka 4.000 Einwohner), am gleichnamigen Stausee und in einer Wupperschleife gelegen, wurde im Jahr 1303 erstmals urkundlich erw\u00e4hnt. Um diese Zeit erfolgte eine Klostergr\u00fcndung. Das wichtigste Geb\u00e4ude ist die im 15. Jahrhundert erbaute Beyenburger Klosterkirche Sankt Maria Magdalena, auch \u201eBeyenburger Dom\u201c genannt. In der Kirche befindet sich die Kreuzkapelle, in der ein Teil der Reliquien der Heiligen Odilia von K\u00f6ln, der Schutzpatronin des Kreuzherrenordens, aufbewahrt werden.<\/p>\n<p>&nbsp;<\/p>\n<h4>Ronsdorf und Cronenberg<\/h4>\n<p>Die beiden nicht im Tal der Wupper liegenden Stadtteile Ronsdorf (21.644 Einwohner\/2018) und Cronenberg (21.218) haben ihren eigenen Charakter bewahrt.<\/p>\n<p>In <strong>Ronsdorf <\/strong>ist das im Wilhelminischen Stil gehaltene Geb\u00e4ude, in dem von 1893 bis 2010 das Postamt untergebracht war, sehenswert. Als ehemalige Bandwirkerstadt darf hier nat\u00fcrlich ein Bandwirker-Denkmal samt Bandwirker-Museum nicht fehlen. Das war fr\u00fcher eine Fachschule des Bandwirkerwesens.<\/p>\n<div id=\"attachment_398\" style=\"width: 210px\" class=\"wp-caption aligncenter\"><img loading=\"lazy\" decoding=\"async\" aria-describedby=\"caption-attachment-398\" src=\"http:\/\/www.wuppertal-greeter.de\/wp-content\/uploads\/2020\/02\/CronenbergFachwerk_5D_10004_Foto_Malte_Reiter6-200x300.jpg\" alt=\"Cronenberg Fachwerkhaus\" class=\"wp-image-398 size-medium\" width=\"200\" height=\"300\" srcset=\"https:\/\/www.wuppertal-greeter.de\/wp-content\/uploads\/2020\/02\/CronenbergFachwerk_5D_10004_Foto_Malte_Reiter6-200x300.jpg 200w, https:\/\/www.wuppertal-greeter.de\/wp-content\/uploads\/2020\/02\/CronenbergFachwerk_5D_10004_Foto_Malte_Reiter6-683x1024.jpg 683w, https:\/\/www.wuppertal-greeter.de\/wp-content\/uploads\/2020\/02\/CronenbergFachwerk_5D_10004_Foto_Malte_Reiter6-768x1152.jpg 768w, https:\/\/www.wuppertal-greeter.de\/wp-content\/uploads\/2020\/02\/CronenbergFachwerk_5D_10004_Foto_Malte_Reiter6-1024x1536.jpg 1024w, https:\/\/www.wuppertal-greeter.de\/wp-content\/uploads\/2020\/02\/CronenbergFachwerk_5D_10004_Foto_Malte_Reiter6-1365x2048.jpg 1365w, https:\/\/www.wuppertal-greeter.de\/wp-content\/uploads\/2020\/02\/CronenbergFachwerk_5D_10004_Foto_Malte_Reiter6-scaled.jpg 1707w\" sizes=\"(max-width: 200px) 100vw, 200px\" \/><p id=\"caption-attachment-398\" class=\"wp-caption-text\">\u00a9 Foto Malte Reiter<\/p><\/div>\n<p>In <strong>Cronenberg <\/strong>ist der historische Ortskern mit seinen bergischen Fachwerkh\u00e4usern und Kirchen besonders sehenswert. Nur wenige Kilometer au\u00dferhalb der Stadtgrenze steht auf Solinger Gebiet die h\u00f6chste Eisenbahnbr\u00fccke Deutschlands, die 107 Meter hohe M\u00fcngstener Br\u00fccke, die die Wupper \u00fcberspannt.<\/p>\n<p>&nbsp;<\/p>\n<p>&nbsp;<\/p>\n<h3>Quartiere<\/h3>\n<h4>Briller Viertel<\/h4>\n<div id=\"attachment_46\" style=\"width: 310px\" class=\"wp-caption alignleft\"><img loading=\"lazy\" decoding=\"async\" aria-describedby=\"caption-attachment-46\" src=\"http:\/\/www.wuppertal-greeter.de\/wp-content\/uploads\/2020\/01\/facebook_1538058261862-300x169.jpg\" alt=\"\" class=\"wp-image-46 size-medium\" width=\"300\" height=\"169\" srcset=\"https:\/\/www.wuppertal-greeter.de\/wp-content\/uploads\/2020\/01\/facebook_1538058261862-300x169.jpg 300w, https:\/\/www.wuppertal-greeter.de\/wp-content\/uploads\/2020\/01\/facebook_1538058261862.jpg 768w\" sizes=\"(max-width: 300px) 100vw, 300px\" \/><p id=\"caption-attachment-46\" class=\"wp-caption-text\">\u00a9 Foto Julia Doberitz<\/p><\/div>\n<p>Das <strong>Briller Viertel<\/strong> befindet sich in Elberfeld und ist eines der gr\u00f6\u00dften gr\u00fcnderzeitlichen Villengebiete Deutschlands. Hier befinden sich mehr als 245 denkmalgesch\u00fctzte H\u00e4user.<\/p>\n<p>Es wurde zwischen dem sp\u00e4ten 19. und beginnenden 20. Jahrhundert als ein gro\u00dfb\u00fcrgerliches Wohnquartier der damals selbst\u00e4ndigen Stadt Elberfeld angelegt.<\/p>\n<p>Hatten die Fabrikanten der zahlreichen Textil- und Chemiefabriken in der Fr\u00fchindustrialisierung ihre repr\u00e4sentativen Villen noch meist direkt neben ihrem Betrieb errichtet, so machten nun die r\u00e4umliche Enge der Talsohle, die Abgase der Fabriken sowie die gestiegenen Komfortanspr\u00fcche der Fabrikantenschaft die Anlage eines Villenviertels erforderlich.<\/p>\n<h4>Nordstadt Elberfeld<\/h4>\n<div id=\"attachment_418\" style=\"width: 188px\" class=\"wp-caption aligncenter\"><img loading=\"lazy\" decoding=\"async\" aria-describedby=\"caption-attachment-418\" src=\"http:\/\/www.wuppertal-greeter.de\/wp-content\/uploads\/2020\/03\/Mirke-\u00a9Christa-Mrozek-178x300.jpg\" alt=\"\" class=\"wp-image-418 size-medium\" width=\"178\" height=\"300\" srcset=\"https:\/\/www.wuppertal-greeter.de\/wp-content\/uploads\/2020\/03\/Mirke-\u00a9Christa-Mrozek-178x300.jpg 178w, https:\/\/www.wuppertal-greeter.de\/wp-content\/uploads\/2020\/03\/Mirke-\u00a9Christa-Mrozek-609x1024.jpg 609w, https:\/\/www.wuppertal-greeter.de\/wp-content\/uploads\/2020\/03\/Mirke-\u00a9Christa-Mrozek-768x1292.jpg 768w, https:\/\/www.wuppertal-greeter.de\/wp-content\/uploads\/2020\/03\/Mirke-\u00a9Christa-Mrozek-913x1536.jpg 913w, https:\/\/www.wuppertal-greeter.de\/wp-content\/uploads\/2020\/03\/Mirke-\u00a9Christa-Mrozek-1218x2048.jpg 1218w, https:\/\/www.wuppertal-greeter.de\/wp-content\/uploads\/2020\/03\/Mirke-\u00a9Christa-Mrozek-scaled.jpg 1522w\" sizes=\"(max-width: 178px) 100vw, 178px\" \/><p id=\"caption-attachment-418\" class=\"wp-caption-text\">\u00a9 Foto Christa Mrozek<\/p><\/div>\n<p>Im 19. Jahrhundert wurde die <strong>Elberfelder Nordstadt<\/strong> erbaut. Sie ist gepr\u00e4gt von alten, mehrst\u00f6ckigen Wohnh\u00e4usern im Stil des Historismus und der Gr\u00fcnderzeit und ist bei Filmproduzenten als Kulisse sehr beliebt. Das Quartier geh\u00f6rt zu den gr\u00f6\u00dften zusammenh\u00e4ngenden Altbaugebieten aus der Gr\u00fcnderzeit in Deutschland.<br \/>\n&nbsp;<strong><\/strong><\/p>\n<h4>Luisenviertel<\/h4>\n<div id=\"attachment_159\" style=\"width: 235px\" class=\"wp-caption aligncenter\"><img loading=\"lazy\" decoding=\"async\" aria-describedby=\"caption-attachment-159\" src=\"http:\/\/www.wuppertal-greeter.de\/wp-content\/uploads\/2020\/01\/IMG_20190322_184615-225x300.jpg\" alt=\"\" class=\"wp-image-159 size-medium\" width=\"225\" height=\"300\" srcset=\"https:\/\/www.wuppertal-greeter.de\/wp-content\/uploads\/2020\/01\/IMG_20190322_184615-225x300.jpg 225w, https:\/\/www.wuppertal-greeter.de\/wp-content\/uploads\/2020\/01\/IMG_20190322_184615-768x1024.jpg 768w, https:\/\/www.wuppertal-greeter.de\/wp-content\/uploads\/2020\/01\/IMG_20190322_184615-1152x1536.jpg 1152w, https:\/\/www.wuppertal-greeter.de\/wp-content\/uploads\/2020\/01\/IMG_20190322_184615-1536x2048.jpg 1536w, https:\/\/www.wuppertal-greeter.de\/wp-content\/uploads\/2020\/01\/IMG_20190322_184615-scaled.jpg 1920w\" sizes=\"(max-width: 225px) 100vw, 225px\" \/><p id=\"caption-attachment-159\" class=\"wp-caption-text\">\u00a9 Foto Julia Doberitz<\/p><\/div>\n<p>Das Luisenviertel, westlich der Elberfelder Fu\u00dfg\u00e4ngerzone gelegen, gilt mit ihren zahlreichen Kneipen und Boutiquen als \u201eWuppertaler Altstadt\u201c. Gepr\u00e4gt wird sie von ihren in weiten Teilen erhaltenen einfachen, klassizistischen Wohnbauten und typisch bergisch verschindelten Fassaden. Eine gro\u00dfe Anzahl der H\u00e4user dort stehen unter Denkmalschutz.<\/p>\n<h4>Heckinghausen\/Wichlinghausen<\/h4>\n<p>Die beiden Quartiere liegen in Barmen n\u00f6rdlich und s\u00fcdlich der Wupper.<\/p>\n<p>In <strong>Heckinghausen<\/strong>, bereits 1466 erstmals urkundlich erw\u00e4hnt, siedelten sich im 18. Jahrhundert F\u00e4rbereibetriebe der Textilindustrie an. Eine schlichte Gedenktafel am Haus Heckinghauser Str. 162 erinnert an das Wohnhaus von Friedrich Bayer, der zusammen mit F\u00e4rbermeister Johann Friedr. Weskott 1863 den Vorg\u00e4nger des heutigen Weltunternehmens Bayer AG gegr\u00fcndet hat. Im 19. Jahrhundert wuchs der Bezirk mit der damaligen Stadt Barmen zusammen, mit der er 1929 im sp\u00e4teren Wuppertal aufging.<\/p>\n<div id=\"attachment_414\" style=\"width: 235px\" class=\"wp-caption alignnone\"><img loading=\"lazy\" decoding=\"async\" aria-describedby=\"caption-attachment-414\" src=\"http:\/\/www.wuppertal-greeter.de\/wp-content\/uploads\/2020\/03\/Gaskessel-Heckinghausen\u00a9Christa-Mrozek-225x300.jpg\" alt=\"\" class=\"wp-image-414 size-medium\" width=\"225\" height=\"300\" srcset=\"https:\/\/www.wuppertal-greeter.de\/wp-content\/uploads\/2020\/03\/Gaskessel-Heckinghausen\u00a9Christa-Mrozek-225x300.jpg 225w, https:\/\/www.wuppertal-greeter.de\/wp-content\/uploads\/2020\/03\/Gaskessel-Heckinghausen\u00a9Christa-Mrozek-768x1024.jpg 768w, https:\/\/www.wuppertal-greeter.de\/wp-content\/uploads\/2020\/03\/Gaskessel-Heckinghausen\u00a9Christa-Mrozek-1152x1536.jpg 1152w, https:\/\/www.wuppertal-greeter.de\/wp-content\/uploads\/2020\/03\/Gaskessel-Heckinghausen\u00a9Christa-Mrozek-1536x2048.jpg 1536w, https:\/\/www.wuppertal-greeter.de\/wp-content\/uploads\/2020\/03\/Gaskessel-Heckinghausen\u00a9Christa-Mrozek-scaled.jpg 1920w\" sizes=\"(max-width: 225px) 100vw, 225px\" \/><p id=\"caption-attachment-414\" class=\"wp-caption-text\">\u00a9 Foto Christa Mrozek<\/p><\/div>\n<p><strong>Wichlinghausen<\/strong>, ein historisch gewachsenes Quartier, wurde erstmals 1384 urkundlich erw\u00e4hnt. In der Neuzeit, also ab dem 16. Jahrhundert, sorgte die aufstrebende Textilindustrie im Tal der Wupper f\u00fcr eine zunehmende Besiedlung. Zahlreiche Bauten aus der Gr\u00fcnderzeit und typisch bergische Fachwerkh\u00e4user pr\u00e4gen das Quartier, das von der Zerst\u00f6rung im zweiten Weltkrieg weitgehend verschont geblieben ist. In den gr\u00fcnderzeitlichen Fabrikgeb\u00e4uden der hier unter anderem ans\u00e4ssigen Bandwebereien, befinden sich heute vielfach Wohnungen und K\u00fcnstler-Ateliers.<\/p>\n<h4>D\u00f6nberg<\/h4>\n<p>Im Nordosten Elberfelds gelegen, hat das Quartier in H\u00f6henlage, das bis 1975 zu Neviges (heute Teil der Stadt Velbert) geh\u00f6rte, sich seinen d\u00f6rflichen Charme bewahrt. Das zeigt sich unter anderem in zahlreichen Festen, wie dem dreit\u00e4gigen Feuerwehrfest, das jedes Jahr im Mai mehrere tausend Menschen besuchen, oder dem Sch\u00fctzenfest, das Anfang Juli auch Schaulustige aus der ganzen Umgebung nach D\u00f6nberg zieht.<\/p>\n<h4>Sch\u00f6ller\/Dornap<\/h4>\n<p>Das Quartier Sch\u00f6ller\/Dornap liegt im Nordwesten Wuppertals und geh\u00f6rt zum Stadtteil Vohwinkel. 1975 wurde es aus zwei zu Wuppertal eingemeindeten Gebieten, dem zuvor zum Amt Gruiten (heute Orstteil der Stadt Haan) geh\u00f6rigen Sch\u00f6ller und dem ehemals zu z\u00e4hlenden Ortsteil Dornap sowie einem Streifen, der bis 1929 zum selbst\u00e4ndigen Vohwinkel geh\u00f6rt hatte, gebildet.<\/p>\n<p>Gro\u00dfe Fl\u00e4chen von <strong>Dornap<\/strong> nehmen f\u00fcnf Kalksteinbr\u00fcche ein, die den Ort seit jeher pr\u00e4gen. Seit dem Mittelalter wird hier im Tagebau Kalkstein gewonnen. Doch der eigentliche Aufschwung der Kalkindustrie kam im erst im 19. Jahrhundert. Die gro\u00dfen Steinbr\u00fcche haben sich in die Landschaft gefressen, riesige Abraumhalden wirken wie bewaldete Berge.<\/p>\n<p>Die Pfarrkirche von <strong>Sch\u00f6ller<\/strong> ist eines der wenigen mittelalterlichen Baudenkmale auf Wuppertaler Stadtgebiet. Die Gastst\u00e4tte \u201eHaus Sch\u00f6ller\u201c wurde im Stil und mit Originalteilen eines bergischen Fachwerkhauses gebaut und wurde zeitweilig auch als B\u00fcrgerhaus genutzt.<\/p>\n<hr>\n<p>&nbsp;<\/p>\n","protected":false},"excerpt":{"rendered":"<p>Mit 8 Stadtbezirken und 69 Quartieren l\u00e4sst sich vieles in Wuppertal entdecken. Wir stellen euch einige exemplarisch vor. Elberfeld Elberfeld geh\u00f6rt zu einem der beiden zentral gelegenen Stadtteilen in Wuppertal. Mit 133.230 Einwohnern (Stand 31.12.2018) ist er auch der bev\u00f6lkerungsreichste. Neben dem modernen Einkaufszentrum \u201eCity-Arkaden\u201c, unweit des Hauptbahnhofs gelegen, und<\/p>\n","protected":false},"author":2,"featured_media":0,"parent":0,"menu_order":0,"comment_status":"closed","ping_status":"closed","template":"","meta":{"ngg_post_thumbnail":0,"footnotes":""},"class_list":["post-74","page","type-page","status-publish","hentry"],"_links":{"self":[{"href":"https:\/\/www.wuppertal-greeter.de\/de\/wp-json\/wp\/v2\/pages\/74"}],"collection":[{"href":"https:\/\/www.wuppertal-greeter.de\/de\/wp-json\/wp\/v2\/pages"}],"about":[{"href":"https:\/\/www.wuppertal-greeter.de\/de\/wp-json\/wp\/v2\/types\/page"}],"author":[{"embeddable":true,"href":"https:\/\/www.wuppertal-greeter.de\/de\/wp-json\/wp\/v2\/users\/2"}],"replies":[{"embeddable":true,"href":"https:\/\/www.wuppertal-greeter.de\/de\/wp-json\/wp\/v2\/comments?post=74"}],"version-history":[{"count":26,"href":"https:\/\/www.wuppertal-greeter.de\/de\/wp-json\/wp\/v2\/pages\/74\/revisions"}],"predecessor-version":[{"id":690,"href":"https:\/\/www.wuppertal-greeter.de\/de\/wp-json\/wp\/v2\/pages\/74\/revisions\/690"}],"wp:attachment":[{"href":"https:\/\/www.wuppertal-greeter.de\/de\/wp-json\/wp\/v2\/media?parent=74"}],"curies":[{"name":"wp","href":"https:\/\/api.w.org\/{rel}","templated":true}]}}