{"id":72,"date":"2020-01-11T16:24:05","date_gmt":"2020-01-11T16:24:05","guid":{"rendered":"http:\/\/info.wuppertal-greeter.de\/?page_id=72"},"modified":"2023-10-23T19:53:50","modified_gmt":"2023-10-23T19:53:50","slug":"schwebebahn-und-weitere-schoene-ecken","status":"publish","type":"page","link":"https:\/\/www.wuppertal-greeter.de\/de\/schwebebahn-und-weitere-schoene-ecken\/","title":{"rendered":"Schwebebahn und weitere sch\u00f6ne Ecken"},"content":{"rendered":"<div id=\"attachment_259\" style=\"width: 286px\" class=\"wp-caption alignleft\"><img loading=\"lazy\" decoding=\"async\" aria-describedby=\"caption-attachment-259\" src=\"http:\/\/info.wuppertal-greeter.de\/wp-content\/uploads\/2020\/01\/IMG_20180406_140743-1-300x293.jpg\" alt=\"\" class=\"wp-image-259\" width=\"276\" height=\"270\" srcset=\"https:\/\/www.wuppertal-greeter.de\/wp-content\/uploads\/2020\/01\/IMG_20180406_140743-1-300x293.jpg 300w, https:\/\/www.wuppertal-greeter.de\/wp-content\/uploads\/2020\/01\/IMG_20180406_140743-1-1024x1000.jpg 1024w, https:\/\/www.wuppertal-greeter.de\/wp-content\/uploads\/2020\/01\/IMG_20180406_140743-1-768x750.jpg 768w, https:\/\/www.wuppertal-greeter.de\/wp-content\/uploads\/2020\/01\/IMG_20180406_140743-1-1536x1500.jpg 1536w, https:\/\/www.wuppertal-greeter.de\/wp-content\/uploads\/2020\/01\/IMG_20180406_140743-1-2048x2000.jpg 2048w\" sizes=\"(max-width: 276px) 100vw, 276px\" \/><p id=\"caption-attachment-259\" class=\"wp-caption-text\">\u00a9 Foto Julia Doberitz<\/p><\/div>\n<p>Die Schwebebahn ist das Wahrzeichen und zugleich das wichtigste Transportmittel in Wuppertal. Sie transportiert 65.479 Personen pro Tag.<\/p>\n<p>Die Schwebebahn verl\u00e4uft gr\u00f6\u00dftenteils \u00fcber der Wupper, jedoch wurde eine Teilstrecke abseits der Wupper erbaut. Diese verl\u00e4uft teilweise \u00fcber der Autobahn und zwischen den H\u00e4userfronten in den Stadtteilen Sonnborn und Vohwinkel.<\/p>\n<p>&nbsp;<\/p>\n<p>Mit der Stadt Wuppertal bringt man meistens die Schwebebahn in Verbindung, jedoch gibt es in der gr\u00f6\u00dften Stadt des Bergischen Landes noch einiges mehr zu sehen!<\/p>\n<h4>Der Toelleturm<\/h4>\n<div id=\"attachment_815\" style=\"width: 235px\" class=\"wp-caption aligncenter\"><img loading=\"lazy\" decoding=\"async\" aria-describedby=\"caption-attachment-815\" src=\"https:\/\/www.wuppertal-greeter.de\/wp-content\/uploads\/2023\/10\/GER_Wuppertal_Toelleturm_001_2016-225x300.jpg\" alt=\"\" width=\"225\" height=\"300\" class=\"wp-image-815 size-medium\" srcset=\"https:\/\/www.wuppertal-greeter.de\/wp-content\/uploads\/2023\/10\/GER_Wuppertal_Toelleturm_001_2016-225x300.jpg 225w, https:\/\/www.wuppertal-greeter.de\/wp-content\/uploads\/2023\/10\/GER_Wuppertal_Toelleturm_001_2016-768x1024.jpg 768w, https:\/\/www.wuppertal-greeter.de\/wp-content\/uploads\/2023\/10\/GER_Wuppertal_Toelleturm_001_2016-1152x1536.jpg 1152w, https:\/\/www.wuppertal-greeter.de\/wp-content\/uploads\/2023\/10\/GER_Wuppertal_Toelleturm_001_2016-1536x2048.jpg 1536w, https:\/\/www.wuppertal-greeter.de\/wp-content\/uploads\/2023\/10\/GER_Wuppertal_Toelleturm_001_2016-9x12.jpg 9w, https:\/\/www.wuppertal-greeter.de\/wp-content\/uploads\/2023\/10\/GER_Wuppertal_Toelleturm_001_2016-scaled.jpg 1920w\" sizes=\"(max-width: 225px) 100vw, 225px\" \/><p id=\"caption-attachment-815\" class=\"wp-caption-text\">\u00a9 Foto Christian St\u00f6ckmann<\/p><\/div>\n<p>Der Toelleturm steht auf einer H\u00f6he von 330&nbsp;m \u00fcber NN. Er liegt am Rande des&nbsp;<a href=\"https:\/\/de.wikipedia.org\/wiki\/Barmer_Wald\" title=\"Barmer Wald\">Barmer Waldes<\/a>, der zu den weitl\u00e4ufigen&nbsp;<a href=\"https:\/\/de.wikipedia.org\/wiki\/Barmer_Anlagen\" title=\"Barmer Anlagen\">Barmer Anlagen<\/a>&nbsp;geh\u00f6rt, einer der gr\u00f6\u00dften privaten&nbsp;<a href=\"https:\/\/de.wikipedia.org\/wiki\/Park\" title=\"Park\">Parkanlagen<\/a>&nbsp;Deutschlands. Der runde, sich nach oben verj\u00fcngende Turm aus&nbsp;<a href=\"https:\/\/de.wikipedia.org\/wiki\/Beyenburg\" title=\"Beyenburg\">Beyenburger<\/a>&nbsp;<a href=\"https:\/\/de.wikipedia.org\/wiki\/Grauwacke\" title=\"Grauwacke\">Grauwacke<\/a>&nbsp;ist 26,25&nbsp;m hoch und hat einen Durchmesser von 7,70&nbsp;m am Fu\u00df sowie 5,14&nbsp;m am oberen Ende. Er ist zweischalig gemauert, wobei der Zwischenraum mit einem&nbsp;<a href=\"https:\/\/de.wikipedia.org\/wiki\/Zyklopenmauerwerk\" title=\"Zyklopenmauerwerk\">Zyklopenmauerwerk<\/a> aus unbehauenem Stein und ungerichteten Fugen gef\u00fcllt ist. \u00dcber eine Au\u00dfentreppe gelangt man zu einem 7 m \u00fcber dem Plateau gelegenen Umgang. Danach f\u00fchren 146 Stufen zu einer Aussichtsplattform, die \u00fcber eine Wendeltreppe zu erreichen ist.&nbsp;<\/p>\n<h4>Holsteiner Treppe<\/h4>\n<div id=\"attachment_265\" style=\"width: 177px\" class=\"wp-caption aligncenter\"><img loading=\"lazy\" decoding=\"async\" aria-describedby=\"caption-attachment-265\" src=\"http:\/\/www.wuppertal-greeter.de\/wp-content\/uploads\/2020\/01\/facebook_1538058388772.jpg\" alt=\"\" class=\"wp-image-265 size-full\" width=\"167\" height=\"300\"><p id=\"caption-attachment-265\" class=\"wp-caption-text\">\u00a9 Foto Julia Doberitz<\/p><\/div>\n<p>Die Treppe war ein Teil des Kunstprojekts \u201e7 Treppen\u201c, das von der Elisabeth-Montag-Stiftung in Zusammenarbeit mit der Stadt Wuppertal und der Regionale 2006 sowie mit der Unterst\u00fctzung des Ministeriums f\u00fcr Bauen, Wohnung, Stadtentwicklung und Verkehr im Herbst 2006 gestaltet wurde.<\/p>\n<p>Die Holsteiner Treppe ist eine von vielen Treppen in Wuppertal.<\/p>\n<h4>Streetart<\/h4>\n<p>Wuppertal ist durchzogen von Wand- und Br\u00fcckenbemalungen. Insbesondere auf der Nordbahntrasse (einer ehemaligen Eisenbahntrasse) lassen sich zahlreiche Bilder bewundern.<\/p>\n<div id=\"attachment_420\" style=\"width: 310px\" class=\"wp-caption alignnone\"><img loading=\"lazy\" decoding=\"async\" aria-describedby=\"caption-attachment-420\" src=\"http:\/\/www.wuppertal-greeter.de\/wp-content\/uploads\/2020\/03\/Graffiti-Clausen\u00a9Christa-Mrozek-300x146.jpg\" alt=\"\" class=\"wp-image-420 size-medium\" width=\"300\" height=\"146\" srcset=\"https:\/\/www.wuppertal-greeter.de\/wp-content\/uploads\/2020\/03\/Graffiti-Clausen\u00a9Christa-Mrozek-300x146.jpg 300w, https:\/\/www.wuppertal-greeter.de\/wp-content\/uploads\/2020\/03\/Graffiti-Clausen\u00a9Christa-Mrozek-1024x498.jpg 1024w, https:\/\/www.wuppertal-greeter.de\/wp-content\/uploads\/2020\/03\/Graffiti-Clausen\u00a9Christa-Mrozek-768x373.jpg 768w, https:\/\/www.wuppertal-greeter.de\/wp-content\/uploads\/2020\/03\/Graffiti-Clausen\u00a9Christa-Mrozek-1536x746.jpg 1536w, https:\/\/www.wuppertal-greeter.de\/wp-content\/uploads\/2020\/03\/Graffiti-Clausen\u00a9Christa-Mrozek-2048x995.jpg 2048w\" sizes=\"(max-width: 300px) 100vw, 300px\" \/><p id=\"caption-attachment-420\" class=\"wp-caption-text\">\u00a9 Foto Christa Mrozek<\/p><\/div>\n<p>Die \u201eGro\u00dfstadt im Gr\u00fcnen\u201c erstreckt sich entlang der Wupper und hat zahlreiche Aussichtspunkte zu bieten.<\/p>\n<p>Da ist es nicht verwunderlich, wenn man ab und an mal Treppen laufen muss, die \u00fcbrigens alle einen eigenen Namen haben (z.B. Holsteiner Treppe).<\/p>\n<p>Mit einem Greeter lernst du ganz besondere Ecken der Stadt kennen wie z.B. das Kultur- und Kreativquartier <strong>Utopiastadt<\/strong> \u2013&nbsp;Finde es bei deinem n\u00e4chsten Greet heraus!<\/p>\n<p><!--more--><\/p>\n<hr>\n<p><a href=\"\/wuppertal-map\/\">Wuppertal Map<\/a><span><a href=\"http:\/\/www.wuppertal-greeter.de\"><\/a><\/span><\/p>\n<p><a href=\"\/greet-anfragen\/\">Buche jetzt einen Greet!<\/a><\/p>\n","protected":false},"excerpt":{"rendered":"<p>Die Schwebebahn ist das Wahrzeichen und zugleich das wichtigste Transportmittel in Wuppertal. Sie transportiert 65.479 Personen pro Tag. Die Schwebebahn verl\u00e4uft gr\u00f6\u00dftenteils \u00fcber der Wupper, jedoch wurde eine Teilstrecke abseits der Wupper erbaut. Diese verl\u00e4uft teilweise \u00fcber der Autobahn und zwischen den H\u00e4userfronten in den Stadtteilen Sonnborn und Vohwinkel. &nbsp;<\/p>\n","protected":false},"author":2,"featured_media":0,"parent":0,"menu_order":0,"comment_status":"closed","ping_status":"closed","template":"","meta":{"ngg_post_thumbnail":0,"footnotes":""},"class_list":["post-72","page","type-page","status-publish","hentry"],"_links":{"self":[{"href":"https:\/\/www.wuppertal-greeter.de\/de\/wp-json\/wp\/v2\/pages\/72"}],"collection":[{"href":"https:\/\/www.wuppertal-greeter.de\/de\/wp-json\/wp\/v2\/pages"}],"about":[{"href":"https:\/\/www.wuppertal-greeter.de\/de\/wp-json\/wp\/v2\/types\/page"}],"author":[{"embeddable":true,"href":"https:\/\/www.wuppertal-greeter.de\/de\/wp-json\/wp\/v2\/users\/2"}],"replies":[{"embeddable":true,"href":"https:\/\/www.wuppertal-greeter.de\/de\/wp-json\/wp\/v2\/comments?post=72"}],"version-history":[{"count":17,"href":"https:\/\/www.wuppertal-greeter.de\/de\/wp-json\/wp\/v2\/pages\/72\/revisions"}],"predecessor-version":[{"id":830,"href":"https:\/\/www.wuppertal-greeter.de\/de\/wp-json\/wp\/v2\/pages\/72\/revisions\/830"}],"wp:attachment":[{"href":"https:\/\/www.wuppertal-greeter.de\/de\/wp-json\/wp\/v2\/media?parent=72"}],"curies":[{"name":"wp","href":"https:\/\/api.w.org\/{rel}","templated":true}]}}