{"id":70,"date":"2020-01-11T16:23:08","date_gmt":"2020-01-11T16:23:08","guid":{"rendered":"http:\/\/info.wuppertal-greeter.de\/?page_id=70"},"modified":"2022-03-01T17:15:09","modified_gmt":"2022-03-01T17:15:09","slug":"parks","status":"publish","type":"page","link":"https:\/\/www.wuppertal-greeter.de\/de\/parks\/","title":{"rendered":"Parks"},"content":{"rendered":"<p>Wuppertal ist einer der gr\u00fcnsten Gro\u00dfst\u00e4dte Deutschlands. Mehr als ein Drittel seiner Gesamtfl\u00e4che (57,35 Quadratkilometer, 34 Prozent) besteht aus Parks, G\u00e4rten und W\u00e4ldern sowie landwirtschaftlicher Nutzfl\u00e4che. Versch\u00f6nerungsvereine, die im 19. Jahrhundert gro\u00dfe noch heute erhaltene Waldfl\u00e4chen gesichert und Waldparks und Landschaftsg\u00e4rten angelegt haben, waren verantwortlich f\u00fcr die zahlreichen Erholungsfl\u00e4chen.<\/p>\n<h4>Hardt<\/h4>\n<div id=\"attachment_245\" style=\"width: 186px\" class=\"wp-caption aligncenter\"><img loading=\"lazy\" decoding=\"async\" aria-describedby=\"caption-attachment-245\" src=\"http:\/\/www.wuppertal-greeter.de\/wp-content\/uploads\/2020\/01\/Elisenturm-auf-der-Hardt-176x300.jpg\" alt=\"\" class=\"wp-image-245 size-medium\" width=\"176\" height=\"300\" srcset=\"https:\/\/www.wuppertal-greeter.de\/wp-content\/uploads\/2020\/01\/Elisenturm-auf-der-Hardt-176x300.jpg 176w, https:\/\/www.wuppertal-greeter.de\/wp-content\/uploads\/2020\/01\/Elisenturm-auf-der-Hardt-602x1024.jpg 602w, https:\/\/www.wuppertal-greeter.de\/wp-content\/uploads\/2020\/01\/Elisenturm-auf-der-Hardt-768x1306.jpg 768w, https:\/\/www.wuppertal-greeter.de\/wp-content\/uploads\/2020\/01\/Elisenturm-auf-der-Hardt-903x1536.jpg 903w, https:\/\/www.wuppertal-greeter.de\/wp-content\/uploads\/2020\/01\/Elisenturm-auf-der-Hardt.jpg 924w\" sizes=\"(max-width: 176px) 100vw, 176px\" \/><p id=\"caption-attachment-245\" class=\"wp-caption-text\">\u00a9 Foto Julia Doberitz<\/p><\/div>\n<p>Auf einer Anh\u00f6he mit Parkcharakter, der \u201eHardt\u201c, zum Teil zu Barmen zum Teil zu Elberfeld geh\u00f6rig, ist der Botanische Garten mit dem Elisenturm, der Bismarckturm und die f\u00fcr sommerliche Events idyllische gelegene Waldb\u00fchne beheimatet. Au\u00dferdem befindet sich hier die Kirchliche Hochschule Wuppertal\/Bethel.<\/p>\n<h4>Barmer Anlagen<\/h4>\n<div id=\"attachment_276\" style=\"width: 310px\" class=\"wp-caption alignnone\"><img loading=\"lazy\" decoding=\"async\" aria-describedby=\"caption-attachment-276\" src=\"https:\/\/www.wuppertal-greeter.de\/wp-content\/uploads\/2020\/01\/barmer-anlagen-e1646154435849-300x169.jpg\" alt=\"Barmer Anlagen\" class=\"wp-image-276 size-medium\" width=\"300\" height=\"169\" srcset=\"https:\/\/www.wuppertal-greeter.de\/wp-content\/uploads\/2020\/01\/barmer-anlagen-e1646154435849-300x169.jpg 300w, https:\/\/www.wuppertal-greeter.de\/wp-content\/uploads\/2020\/01\/barmer-anlagen-e1646154435849-768x432.jpg 768w, https:\/\/www.wuppertal-greeter.de\/wp-content\/uploads\/2020\/01\/barmer-anlagen-e1646154435849-18x10.jpg 18w, https:\/\/www.wuppertal-greeter.de\/wp-content\/uploads\/2020\/01\/barmer-anlagen-e1646154435849.jpg 960w\" sizes=\"(max-width: 300px) 100vw, 300px\" \/><p id=\"caption-attachment-276\" class=\"wp-caption-text\">\u00a9 Foto Julia Doberitz<\/p><\/div>\n<p>Der zweitgr\u00f6\u00dfte private Erholungspark Deutschlands bietet mitten in Wuppertal 100 Hektar (das sind eine Million Quadratmeter) Gr\u00fcnfl\u00e4che. Mit W\u00e4ldern und Wiesen, Parks und Teichen, mit Spazier- und Wanderwegen, Spiel- und Ruhezonen sowie Aussichtspl\u00e4tzen ist f\u00fcr jeden Geschmack etwas dabei \u2013 egal ob Erholen, Bummeln, Plaudern, Spielen oder Ausruhen.<\/p>\n<p>Die Anlagen sind im Besitz des Barmer Versch\u00f6nerungsvereins von 1864 und ziehen sich von der Stadt bis auf die S\u00fcdh\u00f6hen hinauf. Ein markanter Aussichtspunkt dort ist der Toelleturm, dessen Aussichtsplattform mit fast 350 Metern der h\u00f6chste begehbare Punkt Wuppertals ist.<\/p>\n<h4>Der Vorwerk Park<\/h4>\n<div id=\"attachment_146\" style=\"width: 310px\" class=\"wp-caption alignleft\"><img loading=\"lazy\" decoding=\"async\" aria-describedby=\"caption-attachment-146\" src=\"http:\/\/www.wuppertal-greeter.de\/wp-content\/uploads\/2020\/01\/IMG_20180531_133049-300x203.jpg\" alt=\"\" class=\"wp-image-146 size-medium\" width=\"300\" height=\"203\" srcset=\"https:\/\/www.wuppertal-greeter.de\/wp-content\/uploads\/2020\/01\/IMG_20180531_133049-300x203.jpg 300w, https:\/\/www.wuppertal-greeter.de\/wp-content\/uploads\/2020\/01\/IMG_20180531_133049-1024x692.jpg 1024w, https:\/\/www.wuppertal-greeter.de\/wp-content\/uploads\/2020\/01\/IMG_20180531_133049-768x519.jpg 768w, https:\/\/www.wuppertal-greeter.de\/wp-content\/uploads\/2020\/01\/IMG_20180531_133049-1536x1038.jpg 1536w, https:\/\/www.wuppertal-greeter.de\/wp-content\/uploads\/2020\/01\/IMG_20180531_133049-2048x1384.jpg 2048w\" sizes=\"(max-width: 300px) 100vw, 300px\" \/><p id=\"caption-attachment-146\" class=\"wp-caption-text\">\u00a9 Foto Julia Doberitz<\/p><\/div>\n<p style=\"text-align: left;\">Der Landschaftspark schlie\u00dft an die Barmer Anlagen an. Anfang des 20. Jahrhunderts wurde vom Unternehmer Adolf Vorwerk dieser Ort als Privatpark seiner nahegelegenen Villa eingerichtet. Zu den unteren Parkanlagen z\u00e4hlen: ein Steinbruch mit einem Goldfischteich, eine Grotte mit Wasserfall sowie ein Badeteich und Pumpenhaus. Um 1907 wurde der Steinbruch zum Rhododendronpark umgestaltet. Vor allem zur Zeit der Rhododendronbl\u00fcte (etwa von M\u00e4rz bis Mai) ist der heute \u00f6ffentlich zug\u00e4ngliche Park einen Besuch wert.<\/p>\n<h4>Nordpark<\/h4>\n<div id=\"attachment_416\" style=\"width: 310px\" class=\"wp-caption alignnone\"><img loading=\"lazy\" decoding=\"async\" aria-describedby=\"caption-attachment-416\" src=\"http:\/\/www.wuppertal-greeter.de\/wp-content\/uploads\/2020\/03\/Skywalk\u00a9Christa-Mrozek-300x225.jpg\" alt=\"\" class=\"wp-image-416 size-medium\" width=\"300\" height=\"225\" srcset=\"https:\/\/www.wuppertal-greeter.de\/wp-content\/uploads\/2020\/03\/Skywalk\u00a9Christa-Mrozek-300x225.jpg 300w, https:\/\/www.wuppertal-greeter.de\/wp-content\/uploads\/2020\/03\/Skywalk\u00a9Christa-Mrozek.jpg 640w\" sizes=\"(max-width: 300px) 100vw, 300px\" \/><p id=\"caption-attachment-416\" class=\"wp-caption-text\">\u00a9 Foto Christa Mrozek<\/p><\/div>\n<p>Auf dem Hang n\u00f6rdlich der Wupper gelegen, findet sich das Pendant zu den Barmer Anlagen: Der Nordpark. Auch hier k\u00fcmmert sich ein Verein, der Nordst\u00e4dter B\u00fcrgerverein von 1893, um das allerdings im st\u00e4dtischen Eigentum stehende Gel\u00e4nde, das rund ein Drittel so gro\u00df ist wie die Barmer Anlagen. Hier gibt es ein Damwild-Gehege, Spiel- und Bolzpl\u00e4tze, ein Restaurant (zurzeit noch nicht er\u00f6ffnet) sowie einen spektakul\u00e4ren \u201eSkywalk\u201c mit einer tollen Aussicht \u00fcber den gesamten Osten der Stadt.<\/p>\n<h4>Mirker Hain<\/h4>\n<div id=\"attachment_277\" style=\"width: 310px\" class=\"wp-caption alignleft\"><img loading=\"lazy\" decoding=\"async\" aria-describedby=\"caption-attachment-277\" src=\"http:\/\/www.wuppertal-greeter.de\/wp-content\/uploads\/2020\/01\/mirker-hain1-scaled-e1578898894150-300x199.jpg\" alt=\"Mirker Hain\" class=\"wp-image-277 size-medium\" width=\"300\" height=\"199\" srcset=\"https:\/\/www.wuppertal-greeter.de\/wp-content\/uploads\/2020\/01\/mirker-hain1-scaled-e1578898894150-300x199.jpg 300w, https:\/\/www.wuppertal-greeter.de\/wp-content\/uploads\/2020\/01\/mirker-hain1-scaled-e1578898894150-1024x678.jpg 1024w, https:\/\/www.wuppertal-greeter.de\/wp-content\/uploads\/2020\/01\/mirker-hain1-scaled-e1578898894150-768x509.jpg 768w, https:\/\/www.wuppertal-greeter.de\/wp-content\/uploads\/2020\/01\/mirker-hain1-scaled-e1578898894150-1536x1018.jpg 1536w, https:\/\/www.wuppertal-greeter.de\/wp-content\/uploads\/2020\/01\/mirker-hain1-scaled-e1578898894150-2048x1357.jpg 2048w, https:\/\/www.wuppertal-greeter.de\/wp-content\/uploads\/2020\/01\/mirker-hain1-scaled-e1578898894150-360x240.jpg 360w\" sizes=\"(max-width: 300px) 100vw, 300px\" \/><p id=\"caption-attachment-277\" class=\"wp-caption-text\">\u00a9 Foto Julia Doberitz<\/p><\/div>\n<p>Der 1870 gegr\u00fcndete Elberfelder Versch\u00f6nerungsverein erwarb das heute als \u201eMirker Hain\u201c betitelte Gebiet im Norden Elberfelds, um es vor Bebauung zu sch\u00fctzen. Es ist in den Jahren danach ein beliebtes Naherholungsgebiet geworden, was durch seine zwei Spielpl\u00e4tze und seinen park\u00e4hnlichen Aufbau auch f\u00fcr Kinder ein Erlebnis ist. Das Gebiet umfasst heute eine Gr\u00f6\u00dfe von ungef\u00e4hr 20 Hektar. Das dicht geschlossene Bl\u00e4tterdach der zum Teil 150 Jahre alten Buchen und Eichen pr\u00e4gt das Waldst\u00fcck. Da der Baumbestand durch menschliche Einfl\u00fcsse und sauren Regen Schaden genommen hat, ist die Stadt Wuppertal engagiert, kranke B\u00e4ume zu f\u00e4llen und neue zu pflanzen.<\/p>\n<h4>Von-der-Heydt-Park<\/h4>\n<p>Im S\u00fcden Elberfelds liegt die Heydt\u2019sche Parkanlage mit ihren 3,2 Hektar Gr\u00fcnfl\u00e4chen. Neben einer ausgedehnten Wiese und einem kleinen W\u00e4ldchen, findet man hier au\u00dferdem einen Kinderspielplatz und ein Pavillon. Ob Spazieren, Sport oder einfach nur auf der Wiese entspannen \u2013 der Park bietet f\u00fcr jede Laune einige M\u00f6glichkeiten.<\/p>\n<h4>Deweerth&#8217;scher Garten<\/h4>\n<p>In dem kleinen Stadtpark, am westlichen Ende des \u201eLuisenviertels\u201c gelegen, tobt buntes Leben. Die Elberfelder tummeln sich bei gutem Wetter zwischen Caf\u00e9s und Sandk\u00e4sten, Boulebahn und einem Mahnmal f\u00fcr die Opfer des Nationalsozialismus im Park. Der Park geh\u00f6rte seit 1802 zum Besitz der Familie de Weerth. Hieran erinnert die private \u201eVilla Frowein\u201c, in der sich eine zeitlang die Wuppertaler Musikhochschule\/Bergische Musikschule befunden hat. Ein Denkmal aus f\u00fcnf Brunnens\u00e4ulen, an denen Wasser in eine gepflasterte Mulde hinabflie\u00dft, erfreut im Sommer vor allem die Kinder.<\/p>\n<h4>Skulpturenpark Waldfrieden<\/h4>\n<p>Inmitten eines idyllischen Waldgebiets auf den s\u00fcdlichen H\u00f6hen zwischen Wuppertals Stadtzentren Elberfeld und Barmen liegt der Skulpturenpark Waldfrieden. Alte Laubb\u00e4ume s\u00e4umen die lange Serpentinenstra\u00dfe, die zum Parkgel\u00e4nde f\u00fchrt. Schon auf den Wegb\u00f6schungen der Zufahrt entdeckt der Besucher einzelne Skulpturen des renommierten Bildhauers und Kunstprofessors Tony Cragg, der das Grundst\u00fcck mit der Villa des fr\u00fcheren Lackfabrikanten Dr. Kurt Herberts 2006 erworben hat. Auf dem gut 14 Hektar gro\u00dfen Gel\u00e4nde stellt der Brite eine stetig wachsende Skulpturensammlung aus, die neben eigenen Plastiken auch Werke vieler namhafter K\u00fcnstler der Moderne und Gegenwart umfasst.<\/p>\n<h4>Der Fl\u00fcgelh\u00fcgel<\/h4>\n<div id=\"attachment_118\" style=\"width: 310px\" class=\"wp-caption alignnone\"><img loading=\"lazy\" decoding=\"async\" aria-describedby=\"caption-attachment-118\" src=\"http:\/\/www.wuppertal-greeter.de\/wp-content\/uploads\/2020\/01\/20180511_192835-300x225.jpg\" alt=\"Fl\u00fcgelh\u00fcgel\" class=\"wp-image-118 size-medium\" width=\"300\" height=\"225\" srcset=\"https:\/\/www.wuppertal-greeter.de\/wp-content\/uploads\/2020\/01\/20180511_192835-300x225.jpg 300w, https:\/\/www.wuppertal-greeter.de\/wp-content\/uploads\/2020\/01\/20180511_192835-1024x768.jpg 1024w, https:\/\/www.wuppertal-greeter.de\/wp-content\/uploads\/2020\/01\/20180511_192835-768x576.jpg 768w, https:\/\/www.wuppertal-greeter.de\/wp-content\/uploads\/2020\/01\/20180511_192835-1536x1152.jpg 1536w, https:\/\/www.wuppertal-greeter.de\/wp-content\/uploads\/2020\/01\/20180511_192835-2048x1536.jpg 2048w\" sizes=\"(max-width: 300px) 100vw, 300px\" \/><p id=\"caption-attachment-118\" class=\"wp-caption-text\">\u00a9 Foto Jamil Hmida<\/p><\/div>\n<p>Der Fl\u00fcgelh\u00fcgel ist ein wunderbarer Aussichtspunkt auf dem <a href=\"https:\/\/www.uni-wuppertal.de\/\" target=\"_blank\" rel=\"noopener noreferrer\">Unicampus Grifflenberg<\/a>. Von diesem Aussichtspunkt aus schaut man direkt in das Tal.<\/p>\n<hr>\n<p>&nbsp;<\/p>\n","protected":false},"excerpt":{"rendered":"<p>Wuppertal ist einer der gr\u00fcnsten Gro\u00dfst\u00e4dte Deutschlands. Mehr als ein Drittel seiner Gesamtfl\u00e4che (57,35 Quadratkilometer, 34 Prozent) besteht aus Parks, G\u00e4rten und W\u00e4ldern sowie landwirtschaftlicher Nutzfl\u00e4che. Versch\u00f6nerungsvereine, die im 19. Jahrhundert gro\u00dfe noch heute erhaltene Waldfl\u00e4chen gesichert und Waldparks und Landschaftsg\u00e4rten angelegt haben, waren verantwortlich f\u00fcr die zahlreichen Erholungsfl\u00e4chen. Hardt<\/p>\n","protected":false},"author":2,"featured_media":0,"parent":0,"menu_order":0,"comment_status":"closed","ping_status":"closed","template":"","meta":{"ngg_post_thumbnail":0,"footnotes":""},"class_list":["post-70","page","type-page","status-publish","hentry"],"_links":{"self":[{"href":"https:\/\/www.wuppertal-greeter.de\/de\/wp-json\/wp\/v2\/pages\/70"}],"collection":[{"href":"https:\/\/www.wuppertal-greeter.de\/de\/wp-json\/wp\/v2\/pages"}],"about":[{"href":"https:\/\/www.wuppertal-greeter.de\/de\/wp-json\/wp\/v2\/types\/page"}],"author":[{"embeddable":true,"href":"https:\/\/www.wuppertal-greeter.de\/de\/wp-json\/wp\/v2\/users\/2"}],"replies":[{"embeddable":true,"href":"https:\/\/www.wuppertal-greeter.de\/de\/wp-json\/wp\/v2\/comments?post=70"}],"version-history":[{"count":23,"href":"https:\/\/www.wuppertal-greeter.de\/de\/wp-json\/wp\/v2\/pages\/70\/revisions"}],"predecessor-version":[{"id":327,"href":"https:\/\/www.wuppertal-greeter.de\/de\/wp-json\/wp\/v2\/pages\/70\/revisions\/327"}],"wp:attachment":[{"href":"https:\/\/www.wuppertal-greeter.de\/de\/wp-json\/wp\/v2\/media?parent=70"}],"curies":[{"name":"wp","href":"https:\/\/api.w.org\/{rel}","templated":true}]}}