{"id":66,"date":"2020-01-11T16:17:54","date_gmt":"2020-01-11T16:17:54","guid":{"rendered":"http:\/\/info.wuppertal-greeter.de\/?page_id=66"},"modified":"2023-10-23T19:31:18","modified_gmt":"2023-10-23T19:31:18","slug":"impressum","status":"publish","type":"page","link":"https:\/\/www.wuppertal-greeter.de\/de\/impressum\/","title":{"rendered":"Impressum"},"content":{"rendered":"<p><strong>Information gem\u00e4\u00df \u00a7 5 TMG<\/strong><br \/>\nChristian St\u00f6ckmann<br \/>\nLoher Str. 1<br \/>\nD-42283 Wuppertal<\/p>\n<p><strong>Kontakt<\/strong><br \/>\nE-Mail: <a href=\"mailto:Info@wuppertal-greeter.de\">Info@wuppertal-greeter.de<\/a><\/p>\n<h4><strong>Haftungsausschluss<\/strong><\/h4>\n<h5>Verantwortlichkeit f\u00fcr Inhalte<\/h5>\n<p>Die Inhalte unserer Seiten wurden mit gr\u00f6\u00dfter Sorgfalt erstellt. F\u00fcr die Richtigkeit, Vollst\u00e4ndigkeit und Aktualit\u00e4t der Inhalte k\u00f6nnen wir jedoch keine Gew\u00e4hr \u00fcbernehmen. Nach den gesetzlichen Bestimmungen sind wir weiterhin f\u00fcr eigene Inhalte auf diesen Webseiten verantwortlich. In diesem Zusammenhang weisen wir darauf hin, dass wir demzufolge nicht verpflichtet sind, lediglich die \u00fcbermittelten oder gespeicherten fremden Informationen zu \u00fcberwachen oder nach Umst\u00e4nden zu forschen, die auf eine rechtswidrige T\u00e4tigkeit hinweisen. Verpflichtungen zur Entfernung oder Sperrung der Nutzung von Informationen nach den allgemeinen Gesetzen bleiben hiervon gem\u00e4\u00df \u00a7\u00a7 8 bis 10 TMG unber\u00fchrt.<\/p>\n<h5>Verantwortlichkeit f\u00fcr Links<\/h5>\n<p>F\u00fcr den Inhalt externer Links (auf Webseiten Dritter) sind ausschlie\u00dflich deren Betreiber verantwortlich. Zum Zeitpunkt der Verlinkung waren uns keine Rechtsverst\u00f6\u00dfe ersichtlich. Bei Bekanntwerden von Rechtsverletzungen werden wir derartige Links umgehend entfernen.<\/p>\n<h4>Urheberrecht<\/h4>\n<p>Unsere Webseiten und deren Inhalte unterliegen dem deutschen Urheberrecht. Sofern nicht ausdr\u00fccklich gesetzlich gestattet (\u00a7\u00a7 44a ff. Urhebergesetz), bedarf jede Form der Verwertung, Vervielf\u00e4ltigung oder Bearbeitung urheberrechtlich gesch\u00fctzter Werke auf unseren Webseiten der vorherigen Zustimmung des jeweiligen Rechteinhabers. Individuelle Reproduktionen eines Werkes sind nur f\u00fcr den privaten Gebrauch gestattet, d\u00fcrfen also weder direkt noch indirekt zum Verdienst dienen. Die unerlaubte Verwendung urheberrechtlich gesch\u00fctzter Werke ist strafbar (\u00a7 106 Urheberrechtsgesetz).<\/p>\n<p>Siehe auch die <a href=\"\/datenschutzerklaerung\/\">Datenschutzerkl\u00e4rung f\u00fcr diese Domain<\/a><\/p>\n","protected":false},"excerpt":{"rendered":"<p>Information gem\u00e4\u00df \u00a7 5 TMG Christian St\u00f6ckmann Loher Str. 1 D-42283 Wuppertal Kontakt E-Mail: Info@wuppertal-greeter.de Haftungsausschluss Verantwortlichkeit f\u00fcr Inhalte Die Inhalte unserer Seiten wurden mit gr\u00f6\u00dfter Sorgfalt erstellt. F\u00fcr die Richtigkeit, Vollst\u00e4ndigkeit und Aktualit\u00e4t der Inhalte k\u00f6nnen wir jedoch keine Gew\u00e4hr \u00fcbernehmen. Nach den gesetzlichen Bestimmungen sind wir weiterhin f\u00fcr<\/p>\n","protected":false},"author":2,"featured_media":0,"parent":0,"menu_order":0,"comment_status":"closed","ping_status":"closed","template":"","meta":{"ngg_post_thumbnail":0,"footnotes":""},"class_list":["post-66","page","type-page","status-publish","hentry"],"_links":{"self":[{"href":"https:\/\/www.wuppertal-greeter.de\/de\/wp-json\/wp\/v2\/pages\/66"}],"collection":[{"href":"https:\/\/www.wuppertal-greeter.de\/de\/wp-json\/wp\/v2\/pages"}],"about":[{"href":"https:\/\/www.wuppertal-greeter.de\/de\/wp-json\/wp\/v2\/types\/page"}],"author":[{"embeddable":true,"href":"https:\/\/www.wuppertal-greeter.de\/de\/wp-json\/wp\/v2\/users\/2"}],"replies":[{"embeddable":true,"href":"https:\/\/www.wuppertal-greeter.de\/de\/wp-json\/wp\/v2\/comments?post=66"}],"version-history":[{"count":7,"href":"https:\/\/www.wuppertal-greeter.de\/de\/wp-json\/wp\/v2\/pages\/66\/revisions"}],"predecessor-version":[{"id":827,"href":"https:\/\/www.wuppertal-greeter.de\/de\/wp-json\/wp\/v2\/pages\/66\/revisions\/827"}],"wp:attachment":[{"href":"https:\/\/www.wuppertal-greeter.de\/de\/wp-json\/wp\/v2\/media?parent=66"}],"curies":[{"name":"wp","href":"https:\/\/api.w.org\/{rel}","templated":true}]}}