{"id":64,"date":"2020-01-11T16:11:06","date_gmt":"2020-01-11T16:11:06","guid":{"rendered":"http:\/\/info.wuppertal-greeter.de\/?page_id=64"},"modified":"2020-08-01T05:33:03","modified_gmt":"2020-08-01T05:33:03","slug":"greeter-werden","status":"publish","type":"page","link":"https:\/\/www.wuppertal-greeter.de\/de\/greeter-werden\/","title":{"rendered":"Greeter werden"},"content":{"rendered":"<p>Wir Greeter wollen die Besucher unserer Stadt als unsere G\u00e4ste empfangen \u2013 so wie wir es mit Freunden und Bekannten tun, die uns besuchen.<\/p>\n<p>Als Greeter kommt man in Kontakt zu vielen interessanten Menschen aus unterschiedlichen St\u00e4dten, L\u00e4ndern und Kontinenten und wir sehen darin zus\u00e4tzlich die M\u00f6glichkeit, uns ehrenamtlich f\u00fcr unsere Stadt zu engagieren. Man hat die M\u00f6glichkeit, seine Sprachkenntnisse anzuwenden und auch zu erweitern. Dar\u00fcber hinaus k\u00f6nnen neue Freundschaften entstehen und es findet ein gegenseitiger Kulturaustausch statt.<\/p>\n<p>Du hast Interesse, Menschen aus anderen St\u00e4dten, L\u00e4ndern und Kontinenten zu treffen?<\/p>\n<p><strong>Dann melde Dich bei uns und werde Greeter!<\/strong><\/p>\n<h2>Aufgaben eines Greeters<\/h2>\n<p>Ein Greeter f\u00fchrt Gruppen von 1 bis 6 Personen und sorgt daf\u00fcr, dass sich die G\u00e4ste bei uns gut aufgehoben f\u00fchlen. Er l\u00e4sst sie Teil dieser Stadt werden und das bei Wind und Wetter. Er sorgt daf\u00fcr, dass die G\u00e4ste einen einzigartigen und sehr pers\u00f6nlichen Blick auf sie erhalten.<\/p>\n<p>Bei diesem Spaziergang zeigt er Dir seinen Stadtteil, seine Lieblingspl\u00e4tze, seinen Wochenmarkt, besondere L\u00e4den, historische Geb\u00e4ude und alles andere, was f\u00fcr ihn Wuppertal ausmacht. Er berichtet vielleicht auch \u00fcber Dinge, die nicht unbedingt in den gew\u00f6hnlichen Reisef\u00fchrern stehen. Er informiert und steht bei Fragen hilfreich zur Seite, z.B.: wie benutze ich die \u00f6ffentlichen Verkehrsmittel, welche Fahrkarte muss ich kaufen, wo befindet sich die n\u00e4chste M\u00f6glichkeit, Lebensmittel einzukaufen\u2026<\/p>\n<h2>Voraussetzungen<\/h2>\n<p>Du lebst gerne in unserer Stadt und willst Deine Begeisterung mit anderen Menschen teilen?<\/p>\n<p>Es gibt nicht viele Voraussetzungen, um ein Greeter zu werden:<\/p>\n<ul>\n<li>Du liebst unsere Stadt.<\/li>\n<li>Du bist kommunikativ und offen gegen\u00fcber Fremden.<\/li>\n<li>Du hast Spa\u00df daran, Menschen durch unsere Stadt zu f\u00fchren.<\/li>\n<li>Du bist zuverl\u00e4ssig.<\/li>\n<li>Du akzeptierst die Greeter-Grundwerte (\u201eCore Values\u201c) als Basis f\u00fcr Deine Mitarbeit.<\/li>\n<\/ul>\n<p>&nbsp;<\/p>\n\n<div class=\"wpcf7 no-js\" id=\"wpcf7-f217-o1\" lang=\"de-DE\" dir=\"ltr\" data-wpcf7-id=\"217\">\n<div class=\"screen-reader-response\"><p role=\"status\" aria-live=\"polite\" aria-atomic=\"true\"><\/p> <ul><\/ul><\/div>\n<form action=\"\/de\/wp-json\/wp\/v2\/pages\/64#wpcf7-f217-o1\" method=\"post\" class=\"wpcf7-form init\" aria-label=\"Kontaktformular\" novalidate=\"novalidate\" data-status=\"init\">\n<div style=\"display: none;\">\n<input type=\"hidden\" name=\"_wpcf7\" value=\"217\" \/>\n<input type=\"hidden\" name=\"_wpcf7_version\" value=\"6.0.6\" \/>\n<input type=\"hidden\" name=\"_wpcf7_locale\" value=\"de_DE\" \/>\n<input type=\"hidden\" name=\"_wpcf7_unit_tag\" value=\"wpcf7-f217-o1\" \/>\n<input type=\"hidden\" name=\"_wpcf7_container_post\" value=\"0\" \/>\n<input type=\"hidden\" name=\"_wpcf7_posted_data_hash\" value=\"\" \/>\n<\/div>\n<p><label> Dein Vorname (Pflichtfeld)<br \/>\n<span class=\"wpcf7-form-control-wrap\" data-name=\"your-prename\"><input size=\"40\" maxlength=\"400\" class=\"wpcf7-form-control wpcf7-text wpcf7-validates-as-required\" aria-required=\"true\" aria-invalid=\"false\" value=\"\" type=\"text\" name=\"your-prename\" \/><\/span> <\/label>\n<\/p>\n<p><label> Dein Nachname (Pflichtfeld)<br \/>\n<span class=\"wpcf7-form-control-wrap\" data-name=\"your-name\"><input size=\"40\" maxlength=\"400\" class=\"wpcf7-form-control wpcf7-text wpcf7-validates-as-required\" aria-required=\"true\" aria-invalid=\"false\" value=\"\" type=\"text\" name=\"your-name\" \/><\/span> <\/label>\n<\/p>\n<p><label> Stra\u00dfe (Pflichtfeld)<br \/>\n<span class=\"wpcf7-form-control-wrap\" data-name=\"your-street\"><input size=\"40\" maxlength=\"400\" class=\"wpcf7-form-control wpcf7-text wpcf7-validates-as-required\" aria-required=\"true\" aria-invalid=\"false\" value=\"\" type=\"text\" name=\"your-street\" \/><\/span> <\/label>\n<\/p>\n<p><label> Postleitzahl (Pflichtfeld)<br \/>\n<span class=\"wpcf7-form-control-wrap\" data-name=\"your-plz\"><input size=\"40\" maxlength=\"400\" class=\"wpcf7-form-control wpcf7-text wpcf7-validates-as-required\" aria-required=\"true\" aria-invalid=\"false\" value=\"\" type=\"text\" name=\"your-plz\" \/><\/span> <\/label>\n<\/p>\n<p><label> Stadt (Pflichtfeld)<br \/>\n<span class=\"wpcf7-form-control-wrap\" data-name=\"your-city\"><input size=\"40\" maxlength=\"400\" class=\"wpcf7-form-control wpcf7-text wpcf7-validates-as-required\" aria-required=\"true\" aria-invalid=\"false\" value=\"\" type=\"text\" name=\"your-city\" \/><\/span> <\/label>\n<\/p>\n<p><label> Geburtsdatum (Pflichtfeld)<br \/>\n<span class=\"wpcf7-form-control-wrap\" data-name=\"date-182\"><input class=\"wpcf7-form-control wpcf7-date wpcf7-validates-as-required wpcf7-validates-as-date\" aria-required=\"true\" aria-invalid=\"false\" value=\"\" type=\"date\" name=\"date-182\" \/><\/span> <\/label>\n<\/p>\n<p><label> E-Mail-Adresse (Pflichtfeld)<br \/>\n<span class=\"wpcf7-form-control-wrap\" data-name=\"your-email\"><input size=\"40\" maxlength=\"400\" class=\"wpcf7-form-control wpcf7-email wpcf7-validates-as-required wpcf7-text wpcf7-validates-as-email\" aria-required=\"true\" aria-invalid=\"false\" value=\"\" type=\"email\" name=\"your-email\" \/><\/span> <\/label>\n<\/p>\n<p><label> Telefon<br \/>\n<span class=\"wpcf7-form-control-wrap\" data-name=\"your-fon\"><input class=\"wpcf7-form-control wpcf7-number wpcf7-validates-as-number\" aria-invalid=\"false\" value=\"\" type=\"number\" name=\"your-fon\" \/><\/span> <\/label>\n<\/p>\n<p><label> Mobil (Pflichtfeld)<br \/>\n<span class=\"wpcf7-form-control-wrap\" data-name=\"your-mobil\"><input class=\"wpcf7-form-control wpcf7-number wpcf7-validates-as-required wpcf7-validates-as-number\" aria-required=\"true\" aria-invalid=\"false\" value=\"\" type=\"number\" name=\"your-mobil\" \/><\/span> <\/label>\n<\/p>\n<p><label> Was w\u00e4re Dein bevorzugtes Thema oder Gebiet f\u00fcr Greets?<br \/>\n<span class=\"wpcf7-form-control-wrap\" data-name=\"your-subject\"><textarea cols=\"40\" rows=\"10\" maxlength=\"2000\" class=\"wpcf7-form-control wpcf7-textarea\" aria-invalid=\"false\" name=\"your-subject\"><\/textarea><\/span> <\/label>\n<\/p>\n<p><label> Was sollten wir noch wissen?<br \/>\n<span class=\"wpcf7-form-control-wrap\" data-name=\"your-others\"><textarea cols=\"40\" rows=\"10\" maxlength=\"2000\" class=\"wpcf7-form-control wpcf7-textarea\" aria-invalid=\"false\" name=\"your-others\"><\/textarea><\/span> <\/label>\n<\/p>\n<p><label> Woher kennst du Greeter?<br \/>\n<span class=\"wpcf7-form-control-wrap\" data-name=\"menu-745\"><select class=\"wpcf7-form-control wpcf7-select\" aria-invalid=\"false\" multiple=\"multiple\" name=\"menu-745[]\"><option value=\"Website\">Website<\/option><option value=\"Facebook\">Facebook<\/option><option value=\"Zeitung\">Zeitung<\/option><option value=\"Fernsehen\">Fernsehen<\/option><option value=\"Pers\u00f6nliche Empfehlung\">Pers\u00f6nliche Empfehlung<\/option><option value=\"Andere\">Andere<\/option><\/select><\/span> <\/label>\n<\/p>\n<p><span class=\"wpcf7-form-control-wrap\" data-name=\"acceptance-939\"><span class=\"wpcf7-form-control wpcf7-acceptance\"><span class=\"wpcf7-list-item\"><input type=\"checkbox\" name=\"acceptance-939\" value=\"1\" aria-invalid=\"false\" \/><\/span><\/span><\/span> Ich verpflichte mich, die mir als Greeter \u00fcberlassenen Daten von Greetern und G\u00e4sten nur im Rahmen meiner Greetert\u00e4tigkeit zu nutzen und sie insbesondere nicht an Dritte weiterzugeben.\n<\/p>\n<p>Ohne Deine Zustimmung ist die Datenspeicherung und -verarbeitung nicht m\u00f6glich. Weitere Informationen findest Du in unserer <a href=\"\/datenschutzerklaerung\/\" target=_blank> Daten gem\u00e4\u00df der Datenschutzerkl\u00e4rung<\/a> .\n<\/p>\n<p><span class=\"wpcf7-form-control-wrap\" data-name=\"acceptance-973\"><span class=\"wpcf7-form-control wpcf7-acceptance\"><span class=\"wpcf7-list-item\"><input type=\"checkbox\" name=\"acceptance-973\" value=\"1\" aria-invalid=\"false\" \/><\/span><\/span><\/span> Ich stimme zu, dass meine in diesem Formular eingegebenen pers\u00f6nlichen Daten zur Bearbeitung meiner Anfrage gespeichert werden. Ein Widerruf dieser Einwilligung und L\u00f6schung personenbezogener Daten gem\u00e4\u00df der Datenschutzerkl\u00e4rung ist jederzeit m\u00f6glich.\n<\/p>\n<p><input class=\"wpcf7-form-control wpcf7-submit has-spinner\" type=\"submit\" value=\"Senden\" \/>\n<\/p><p style=\"display: none !important;\" class=\"akismet-fields-container\" data-prefix=\"_wpcf7_ak_\"><label>&#916;<textarea name=\"_wpcf7_ak_hp_textarea\" cols=\"45\" rows=\"8\" maxlength=\"100\"><\/textarea><\/label><input type=\"hidden\" id=\"ak_js_1\" name=\"_wpcf7_ak_js\" value=\"15\"\/><script>document.getElementById( \"ak_js_1\" ).setAttribute( \"value\", ( new Date() ).getTime() );<\/script><\/p><div class=\"wpcf7-response-output\" aria-hidden=\"true\"><\/div>\n<\/form>\n<\/div>\n\n<p>&nbsp;<\/p>\n<p>&nbsp;<\/p>\n<p><a href=\"https:\/\/www.deutschland-greeter.de\/\" target=\"_blank\" rel=\"noopener noreferrer\"><\/a> <a href=\"https:\/\/internationalgreeter.org\/\" target=\"_blank\" rel=\"noopener noreferrer\"><\/a><\/p>\n","protected":false},"excerpt":{"rendered":"<p>Wir Greeter wollen die Besucher unserer Stadt als unsere G\u00e4ste empfangen \u2013 so wie wir es mit Freunden und Bekannten tun, die uns besuchen. Als Greeter kommt man in Kontakt zu vielen interessanten Menschen aus unterschiedlichen St\u00e4dten, L\u00e4ndern und Kontinenten und wir sehen darin zus\u00e4tzlich die M\u00f6glichkeit, uns ehrenamtlich f\u00fcr<\/p>\n","protected":false},"author":2,"featured_media":0,"parent":0,"menu_order":0,"comment_status":"closed","ping_status":"closed","template":"","meta":{"ngg_post_thumbnail":0,"footnotes":""},"class_list":["post-64","page","type-page","status-publish","hentry"],"_links":{"self":[{"href":"https:\/\/www.wuppertal-greeter.de\/de\/wp-json\/wp\/v2\/pages\/64"}],"collection":[{"href":"https:\/\/www.wuppertal-greeter.de\/de\/wp-json\/wp\/v2\/pages"}],"about":[{"href":"https:\/\/www.wuppertal-greeter.de\/de\/wp-json\/wp\/v2\/types\/page"}],"author":[{"embeddable":true,"href":"https:\/\/www.wuppertal-greeter.de\/de\/wp-json\/wp\/v2\/users\/2"}],"replies":[{"embeddable":true,"href":"https:\/\/www.wuppertal-greeter.de\/de\/wp-json\/wp\/v2\/comments?post=64"}],"version-history":[{"count":4,"href":"https:\/\/www.wuppertal-greeter.de\/de\/wp-json\/wp\/v2\/pages\/64\/revisions"}],"predecessor-version":[{"id":470,"href":"https:\/\/www.wuppertal-greeter.de\/de\/wp-json\/wp\/v2\/pages\/64\/revisions\/470"}],"wp:attachment":[{"href":"https:\/\/www.wuppertal-greeter.de\/de\/wp-json\/wp\/v2\/media?parent=64"}],"curies":[{"name":"wp","href":"https:\/\/api.w.org\/{rel}","templated":true}]}}