{"id":55,"date":"2020-01-11T16:02:44","date_gmt":"2020-01-11T16:02:44","guid":{"rendered":"http:\/\/info.wuppertal-greeter.de\/?page_id=55"},"modified":"2024-04-24T18:50:10","modified_gmt":"2024-04-24T18:50:10","slug":"datenschutzerklaerung","status":"publish","type":"page","link":"https:\/\/www.wuppertal-greeter.de\/de\/datenschutzerklaerung\/","title":{"rendered":"Datenschutzerkl\u00e4rung"},"content":{"rendered":"<p>Diese Datenschutzerkl\u00e4rung kl\u00e4rt Art, Umfang und Zweck der Verarbeitung personenbezogener Daten (nachfolgend \u201eDaten\u201c) innerhalb unseres Online-Angebotes und den zugeh\u00f6rigen Websites, Funktionen und Inhalten sowie externen Online-Auftritten, z. B. unserem Social Media Profil (zusammenfassend als \u201eOnline-Angebot\u201c bezeichnet). Im Hinblick auf die verwendete Terminologie, z. B. \u201eVerarbeitung\u201c oder \u201eVerantwortlich\u201c beziehen wir uns auf die Definitionen in Artikel 4 der Datenschutz-Grundverordnung (DSGVO).<\/p>\n<h3>Verantwortlich<\/h3>\n<p>Christian St\u00f6ckmann<br \/>\nLoher Str.1<br \/>\nD-42283 Wuppertal<\/p>\n<p><strong>Kontakt<\/strong><br \/>\nE-Mail: <a href=\"mailto:Info@wuppertal-greeter.de\">Info@wuppertal-greeter.de<\/a><\/p>\n<h3 id=\"dsg-general-datatype\">Arten verarbeiteter Daten:<\/h3>\n<p>\u2013 Inventardaten (z. B. Namen, Adressen).&nbsp;<br \/>\n\u2013 Kontaktinformationen (z. B. E-Mail, Telefonnummern).<br \/>\n\u2013 Nutzungsdaten (z. B. besuchte Websites, Interesse an Inhalten, Zugriffszeiten).<br \/>\n\u2013 Meta \/ Kommunikationsdaten (z. B. Ger\u00e4teinformationen, IP-Adressen).<\/p>\n<h3 id=\"dsg-general-datasubjects\">Betroffene Personenkategorien<\/h3>\n<p>Besucher und Nutzer des Online-Angebots (im Folgenden beziehen wir uns zusammen auf die Betroffenen als \u201eNutzer\u201c)<\/p>\n<h3 id=\"dsg-general-purpose\">Zweck der Verarbeitung<\/h3>\n<p>\u2013 Bereitstellung des Online-Angebots, seiner Funktionen und seines Inhalts.<br \/>\n\u2013 Kontaktanfragen beantworten und mit Benutzern kommunizieren.<br \/>\n\u2013 Sicherheitsma\u00dfnahmen<\/p>\n<h3 id=\"dsg-allgemeine-begriffe\">Verwendete Begriffe<\/h3>\n<p>\u201ePers\u00f6nliche Daten\u201c sind Informationen, die sich gegen\u00fcber einer identifizierten Person oder einer identifizierbaren nat\u00fcrlichen Person (im Folgenden \u201ebetroffene Person\u201c genannt) ausweisen; eine nat\u00fcrliche Person gilt als identifizierbar, die direkt oder indirekt identifiziert werden kann, insbesondere durch Zuordnung zu einem Identifikator wie einem Namen, einer Identifikationsnummer, zu Standortdaten, zu einem Online-Identifikator (z. B. Cookie) oder zu einem oder mehr besondere Merkmale, sind der Ausdruck der physischen, physiologischen, genetischen, mentalen, wirtschaftlichen, kulturellen oder sozialen Identit\u00e4t dieser nat\u00fcrlichen Person.<\/p>\n<p>\u201eVerarbeitung\u201c bedeutet jeden Prozess, der mit oder ohne die Hilfe von automatisierten Verfahren oder einem solchen Prozess durchgef\u00fchrt wird, der mit personenbezogenen Daten verbunden ist. Der Begriff umfasst eine breite Palette und deckt praktisch jeden Umgang mit Daten ab.<\/p>\n<p>\u201ePseudonymisierung\u201c bedeutet die Verarbeitung personenbezogener Daten so, dass die personenbezogenen Daten ohne zus\u00e4tzliche Informationen nicht mehr einer bestimmten Person zugeordnet werden k\u00f6nnen, sofern diese zus\u00e4tzlichen Informationen getrennt aufbewahrt und technischen und organisatorischen Ma\u00dfnahmen unterzogen werden dass die pers\u00f6nlichen Daten keiner identifizierten oder identifizierbaren nat\u00fcrlichen Person zugeordnet werden.<\/p>\n<p>\u201eProfiling\u201c bezeichnet jede Art von automatisierter Verarbeitung personenbezogener Daten, die die Verwendung solcher personenbezogenen Daten zur Bewertung bestimmter pers\u00f6nlicher Aspekte in Bezug auf eine nat\u00fcrliche Person umfasst, insbesondere Aspekte in Bezug auf Arbeitsleistung, wirtschaftliche Situation, Gesundheit, pers\u00f6nliche Pr\u00e4ferenzen Interessen, Zuverl\u00e4ssigkeit, Verhalten, Standort oder Standort dieser nat\u00fcrlichen Person.<\/p>\n<p>\u201eVerantwortlich\u201c bedeutet die nat\u00fcrliche oder juristische Person, Beh\u00f6rde, Agentur oder andere Stelle, die allein oder zusammen mit anderen \u00fcber die Zwecke und Mittel der Verarbeitung personenbezogener Daten entscheidet.<\/p>\n<p>\u201eBearbeiter\u201c bezeichnet eine nat\u00fcrliche oder juristische Person, Beh\u00f6rde, Einrichtung oder Stelle, die personenbezogene Daten im Auftrag des f\u00fcr die Verarbeitung Verantwortlichen verarbeitet.<\/p>\n<h3 id=\"dsg-allgemeine-rechtliche-grundlage\">Einschl\u00e4gige Rechtsgrundlage<\/h3>\n<p>In \u00dcbereinstimmung mit Art. 13 DSGVO informieren wir Sie \u00fcber die rechtliche Grundlage unserer Datenverarbeitung. Sofern nicht die Rechtsgrundlage in der Datenschutzerkl\u00e4rung erw\u00e4hnt wird, gilt Folgendes: Die Rechtsgrundlage f\u00fcr die Einholung der Einwilligung ist Artikel 6 Absatz 1 lit. a und Art. 7 DSGVO, die Rechtsgrundlage f\u00fcr die Verarbeitung zur Erbringung unserer Leistungen und die Durchf\u00fchrung von Vertragsma\u00dfnahmen sowie die Beantwortung von Anfragen ist Art. 6 (1) lit. b DSGVO, die Rechtsgrundlage f\u00fcr die Verarbeitung zur Erf\u00fcllung unserer gesetzlichen Verpflichtungen ist Art. 6 (1) lit. c DSGVO und die Rechtsgrundlage f\u00fcr die Verarbeitung zur Wahrung unserer berechtigten Interessen ist Art. 6 Abs. 1 lit. f DSGVO. F\u00fcr den Fall, dass wesentliche Interessen der betroffenen Person oder einer anderen nat\u00fcrlichen Person die Verarbeitung personenbezogener Daten erfordern, Art. 6 Abs. 1 lit. d DSGVO als Rechtsgrundlage.<\/p>\n<h3 id=\"dsg-general-securitymeasures\">Sicherheitsma\u00dfnahmen<\/h3>\n<p>In \u00dcbereinstimmung mit Art. 32 DSGVO ber\u00fccksichtigen wir den Stand der Technik, die Umsetzungskosten und die Art des Umfangs, der Umst\u00e4nde und Zwecke der Verarbeitung sowie die unterschiedliche Wahrscheinlichkeit und Schwere des Risikos f\u00fcr die Rechte und Freiheiten nat\u00fcrlicher Personen; geeignete technische und organisatorische Ma\u00dfnahmen, um ein dem Risiko angemessenes Schutzniveau zu gew\u00e4hrleisten.<\/p>\n<p>Zu den Ma\u00dfnahmen geh\u00f6ren insbesondere die Gew\u00e4hrleistung der Vertraulichkeit, Integrit\u00e4t und Verf\u00fcgbarkeit von Daten durch Kontrolle des physischen Zugriffs auf die Daten sowie deren Zugriff, Eingabe, Offenlegung, Verf\u00fcgbarkeit und Trennung. Wir haben auch Verfahren eingerichtet, um die Rechte der betroffenen Personen, die L\u00f6schung von Daten und die Anf\u00e4lligkeit f\u00fcr Daten zu gew\u00e4hrleisten. Dar\u00fcber hinaus betrachten wir den Schutz personenbezogener Daten bereits bei der Entwicklung oder Auswahl von Hardware, Software und Verfahren nach dem Prinzip des Datenschutzes durch Technologiedesign und datenschutzfreundliche Standardeinstellungen (Art. 25 DSGVO).<\/p>\n<h3>Zusammenarbeit mit Lohnbearbeitern und Dritten<\/h3>\n<p>Sofern wir im Zuge unserer Verarbeitung Daten an andere Personen und Unternehmen (Vertragsabwickler oder Dritte) weitergeben oder anderweitig Zugriff auf die Daten gew\u00e4hren, erfolgt dies nur aufgrund einer gesetzlichen Erlaubnis (z. B. wenn die \u00dcbermittlung der Daten an Dritte, z. B. an Zahlungsdienstleister, gem\u00e4\u00df Art. 6 Abs. 1 lit. b DSGVO, die zur Vertragserf\u00fcllung erforderlich sind, erfolgt), Sie haben einer gesetzlichen Verpflichtung oder aufgrund unserer berechtigten Interessen zugestimmt (z. B. die Verwendung von Agenten, Web-Hosts, etc.).<\/p>\n<p>Soweit wir Dritte mit der Verarbeitung von Daten auf der Grundlage eines sogenannten \u201eDatenverarbeitungsvertrages\u201c beauftragen, geschieht dies auf der Grundlage von Art. 28 DSGVO.<\/p>\n<h3>Transfers in Drittl\u00e4nder<\/h3>\n<p>Wenn wir Daten in einem Drittland (d.h. au\u00dferhalb der Europ\u00e4ischen Union (EU) oder des Europ\u00e4ischen Wirtschaftsraums (EWR)) verarbeiten oder wenn dies im Zusammenhang mit der Nutzung von Drittdiensten oder der Offenlegung oder der \u00dcbermittlung von Daten an Dritte geschieht dies nur, wenn es unsere (vor) vertraglichen Verpflichtungen aufgrund Ihrer Einwilligung, aufgrund einer gesetzlichen Verpflichtung oder aus berechtigten Interessen erf\u00fcllen soll. Vorbehaltlich gesetzlicher oder vertraglicher Genehmigungen verarbeiten oder verarbeiten wir die Daten in einem Drittland nur zu den besonderen Bedingungen der Art. 44 ff. DSGVO. Dass die Verarbeitung z. B. auf der Grundlage konkreter Garantien, wie des offiziell anerkannten Datenschutzniveaus (z. B. f\u00fcr die USA durch den Datenschutzschild) oder der Einhaltung von amtlich anerkannten besonderen vertraglichen Verpflichtungen (sog. \u201eStandardvertragsklauseln\u201c).<\/p>\n<h3 id=\"dsg-general-rightssubject\">Rechte von Datensubjekten<\/h3>\n<ul>\n<li>Sie haben das Recht, eine Best\u00e4tigung dar\u00fcber zu verlangen, ob solche Daten verarbeitet werden und um Informationen \u00fcber solche Daten zu erhalten und um weitere Informationen und das Kopieren der Daten entsprechend zu erhalten. 15 DSGVO.<\/li>\n<li>Sie haben dementsprechend Art.16 DSGVO das Recht, die Vervollst\u00e4ndigung der Sie betreffenden Daten oder die Berichtigung der Sie betreffenden falschen Daten zu verlangen.<\/li>\n<li>Gem\u00e4\u00df Art. 17 DSB, haben sie das Recht zu verlangen, dass die relevanten Daten unverz\u00fcglich gel\u00f6scht werden, oder alternativ eine Einschr\u00e4nkung der Verarbeitung von Daten gem\u00e4\u00df Art. 18 DSGVO<\/li>\n<li>Sie haben das Recht zu verlangen, dass die Sie betreffenden Daten, die Sie uns zur Verf\u00fcgung gestellt haben, gem\u00e4\u00df Art. 20 DSGVO und fordern ihre \u00dcbermittlung an andere verantwortliche Personen.<\/li>\n<li>Sie haben gem. Art. 77 DSGVO das Recht, bei der zust\u00e4ndigen Aufsichtsbeh\u00f6rde Beschwerde einzulegen.<\/li>\n<\/ul>\n<h3 id=\"dsg-general-Widerrufsrecht\">Widerrufsrecht<\/h3>\n<p>Sie haben das Recht, die Einwilligung gem\u00e4\u00df Artikel 7 (3) der DSGVO mit Wirkung f\u00fcr die Zukunft aufheben.<\/p>\n<h3 id=\"dsg-general-object\">Recht auf Widerspruch<\/h3>\n<p>Sie k\u00f6nnen, in \u00dcbereinstimmung mit den Bestimmungen des Art. 21 DSGVO jederzeit widersprechen. Der Einwand kann insbesondere gegen die Verarbeitung zu Direktmarketingzwecken erhoben werden.<\/p>\n<h3 id=\"dsg-general-cookies\">Cookies und Widerspruchsrecht f\u00fcr direkte Post<\/h3>\n<p>\u201eCookies\u201c sind kleine Dateien, die auf den Computern der Benutzer gespeichert werden. In den Cookies k\u00f6nnen verschiedene Informationen gespeichert werden. Ein Cookie dient in erster Linie dazu, die Informationen \u00fcber einen Benutzer (oder das Ger\u00e4t, auf dem der Cookie gespeichert ist) w\u00e4hrend oder nach seinem Besuch eines Online-Angebots zu speichern. Tempor\u00e4re Cookies oder \u201eSession-Cookies\u201c oder \u201evor\u00fcbergehende Cookies\u201c sind Cookies, die gel\u00f6scht werden, nachdem ein Benutzer einen Online-Dienst verl\u00e4sst und seinen Browser schlie\u00dft. In solch einem Cookie, wird z. B. der Inhalt eines Einkaufswagens in einem Online-Shop oder ein Login-Status gespeichert. Der Begriff \u201epermanent\u201c oder \u201epersistent\u201c bezieht sich auf Cookies, die auch nach dem Schlie\u00dfen des Browsers gespeichert bleiben. Somit wird z. B. der Login-Status gespeichert, wenn Benutzer ihn nach einigen Tagen erneut besucht. Ebenso k\u00f6nnen in einem solchen Cookie die Interessen der Nutzer gespeichert werden, die f\u00fcr Reichweitenmessungen oder Marketingzwecke genutzt werden. Ein \u201eThird-Party-Cookie\u201c bezieht sich auf Cookies, die von anderen Anbietern als der Person angeboten werden, die f\u00fcr das Online-Angebot verantwortlich ist (andernfalls werden Cookies nur als \u201eErstanbieter-Cookies\u201c bezeichnet).<\/p>\n<p>Wir k\u00f6nnen diese vor\u00fcbergehend nutzen und dies im Rahmen unserer Datenschutzerkl\u00e4rung kl\u00e4ren.<\/p>\n<p>Ein allgemeiner Widerspruch zu der Verwendung von Cookies, die f\u00fcr Online-Marketingzwecke verwendet werden, kann auf der US-Seite vieler Dienste gefunden werden, insbesondere im Falle des sog. Tracking auf <a href=\"http:\/\/www.aboutads.info\/choices\/\">http:\/\/www.aboutads.info\/choices\/<\/a> oder die EU-Seite <a href=\"http:\/\/www.youronlinechoices.com\/\"> http:\/\/www.youronlinechoices.com\/ <\/a>. Dar\u00fcber hinaus kann das Speichern von Cookies durch Ausschalten in den Einstellungen des Browsers erreicht werden. Bitte beachten Sie, dass m\u00f6glicherweise nicht alle Funktionen dieses Online-Angebots genutzt werden k\u00f6nnen.<\/p>\n<h3>L\u00f6schen von Daten<\/h3>\n<p>Die von uns verarbeiteten Daten werden gem\u00e4\u00df den Bestimmungen der Artikel 17 und 18 DSGVO verarbeitet oder gel\u00f6scht oder in ihrer Verarbeitung eingeschr\u00e4nkt. Sofern in dieser Datenschutzerkl\u00e4rung nicht ausdr\u00fccklich anders angegeben, werden die von uns gespeicherten Daten gel\u00f6scht, sobald sie f\u00fcr ihren Zweck nicht mehr ben\u00f6tigt werden und die L\u00f6schung keinen gesetzlichen Aufbewahrungsvorschriften entgegensteht. Sofern die Daten nicht gel\u00f6scht werden, weil sie f\u00fcr andere legitime Zwecke ben\u00f6tigt werden, wird ihre Verarbeitung eingeschr\u00e4nkt. Die Daten sind gesperrt und werden nicht f\u00fcr andere Zwecke verarbeitet. Dies gilt beispielsweise f\u00fcr Daten, die aus wirtschaftlichen oder steuerlichen Gr\u00fcnden aufbewahrt werden m\u00fcssen.<\/p>\n<p>Wir l\u00f6schen die Anfragen, wenn sie nicht mehr ben\u00f6tigt werden. Wir \u00fcberpr\u00fcfen die Notwendigkeit alle zwei Jahre; Dar\u00fcber hinaus gelten die gesetzlichen Archivierungspflichten.<\/p>\n<h3 id=\"dsg-hosting-anbieter\">Hosting und E-Mail-Versand<\/h3>\n<p><span class=\"ts-muster-content\"> Die von uns genutzten Hosting-Dienste sind f\u00fcr die Bereitstellung der folgenden Dienste vorgesehen: Infrastruktur- und Plattformdienste, Rechenkapazit\u00e4t, Speicher- und Datenbankdienste, E-Mail-Zustellung, Sicherheitsdienste und technische Wartungsdienste Wir verwenden f\u00fcr den Zweck dieses Online-Angebot zu betreiben. <\/span><\/p>\n<p>Hier bearbeiten wir oder unser Hosting-Anbieter Bestandsdaten, Kontaktdaten, Inhaltsdaten, Vertragsdaten, Nutzungsdaten, Meta- und Kommunikationsdaten von Kunden, Interessenten und Besuchern dieses Online-Angebots auf der Grundlage unseres berechtigten Interesses an einer sichere Bereitstellung dieses Online-Angebots gem. 6 Abs. 1 lit. f DSGVO i.V.m. 28 DSGVO (Vertragsabschluss).<\/p>\n<h3 id=\"dsg-logfiles\">Sammlung von Zugriffsdaten und Protokolldateien<\/h3>\n<p><span class=\"ts-muster-content\"> Wir oder unser Hosting-Provider sammeln auf der Grundlage unserer berechtigten Interessen im Sinne von Art. 6 Abs. 1 lit. f. DSGVO Daten zu jedem Zugriff auf den Server, auf dem sich dieser Dienst befindet (sogenannte Server Log Files). Zu den Zugangsdaten geh\u00f6ren Name der abgerufenen Webseite, Datei, Datum und Uhrzeit des Abrufs, \u00fcbertragene Datenmenge, Meldung \u00fcber erfolgreichen Abruf, Browsertyp und -version, Betriebssystem des Benutzers, Referrer-URL (die zuvor besuchte Seite), IP-Adresse und der anfragende Anbieter. &lt;\/ span&gt;<\/span><\/p>\n<p>Logfile-Informationen werden f\u00fcr Sicherheitszwecke (zum Beispiel zur Untersuchung missbr\u00e4uchlicher oder betr\u00fcgerischer Aktivit\u00e4ten) f\u00fcr maximal 7 Tage gespeichert und dann gel\u00f6scht. Daten, deren weitere Speicherung zu Beweiszwecken erforderlich ist, sind bis zur endg\u00fcltigen Kl\u00e4rung des jeweiligen Vorfalls von der L\u00f6schung ausgenommen.<\/p>\n","protected":false},"excerpt":{"rendered":"<p>Diese Datenschutzerkl\u00e4rung kl\u00e4rt Art, Umfang und Zweck der Verarbeitung personenbezogener Daten (nachfolgend \u201eDaten\u201c) innerhalb unseres Online-Angebotes und den zugeh\u00f6rigen Websites, Funktionen und Inhalten sowie externen Online-Auftritten, z. B. unserem Social Media Profil (zusammenfassend als \u201eOnline-Angebot\u201c bezeichnet). Im Hinblick auf die verwendete Terminologie, z. B. \u201eVerarbeitung\u201c oder \u201eVerantwortlich\u201c beziehen wir uns<\/p>\n","protected":false},"author":2,"featured_media":0,"parent":0,"menu_order":0,"comment_status":"closed","ping_status":"closed","template":"","meta":{"ngg_post_thumbnail":0,"footnotes":""},"class_list":["post-55","page","type-page","status-publish","hentry"],"_links":{"self":[{"href":"https:\/\/www.wuppertal-greeter.de\/de\/wp-json\/wp\/v2\/pages\/55"}],"collection":[{"href":"https:\/\/www.wuppertal-greeter.de\/de\/wp-json\/wp\/v2\/pages"}],"about":[{"href":"https:\/\/www.wuppertal-greeter.de\/de\/wp-json\/wp\/v2\/types\/page"}],"author":[{"embeddable":true,"href":"https:\/\/www.wuppertal-greeter.de\/de\/wp-json\/wp\/v2\/users\/2"}],"replies":[{"embeddable":true,"href":"https:\/\/www.wuppertal-greeter.de\/de\/wp-json\/wp\/v2\/comments?post=55"}],"version-history":[{"count":8,"href":"https:\/\/www.wuppertal-greeter.de\/de\/wp-json\/wp\/v2\/pages\/55\/revisions"}],"predecessor-version":[{"id":942,"href":"https:\/\/www.wuppertal-greeter.de\/de\/wp-json\/wp\/v2\/pages\/55\/revisions\/942"}],"wp:attachment":[{"href":"https:\/\/www.wuppertal-greeter.de\/de\/wp-json\/wp\/v2\/media?parent=55"}],"curies":[{"name":"wp","href":"https:\/\/api.w.org\/{rel}","templated":true}]}}