{"id":290,"date":"2020-01-18T13:56:14","date_gmt":"2020-01-18T13:56:14","guid":{"rendered":"http:\/\/info.wuppertal-greeter.de\/?page_id=290"},"modified":"2022-03-09T08:27:39","modified_gmt":"2022-03-09T08:27:39","slug":"cityplaene","status":"publish","type":"page","link":"https:\/\/www.wuppertal-greeter.de\/de\/cityplaene\/","title":{"rendered":"Citypl\u00e4ne"},"content":{"rendered":"<h4>Stadtrundg\u00e4nge zur Selbsterkundung und Stadtf\u00fchrungen<\/h4>\n<p>Die <a href=\"https:\/\/www.wuppertal-marketing.de\/\" target=\"_blank\" rel=\"noopener noreferrer\">Wuppertal Markting GmbH<\/a> stellt euch kostenlose Pl\u00e4ne zum Erkunden der Stadt, zus\u00e4tzlich zum Greet bereit.<\/p>\n<p>M\u00f6chtet ihr an einer umfangreicheren Stadtf\u00fchrung mit einem Experten teilnehmen?<\/p>\n<p>Bucht einen von zahlreichen Stadtf\u00fchrungen von der Wuppertal Marketing GmbH. Unter dem Link Stadtf\u00fchrungen 2020 findet ihr alle Stadtf\u00fchrungen f\u00fcr dieses Jahr.<\/p>\n<p><span>Cityplan <strong>Elberfeld<\/strong> mit Stadtrundgang &#8211; <strong>Elberfeld eigenst\u00e4ndig erkunden<\/strong> &#8211; <a href=\"http:\/\/info.wuppertal-greeter.de\/wp-content\/uploads\/2020\/01\/Cityplan_Elberfeld_8-2018.pdf\" target=\"_blank\" rel=\"noopener noreferrer\">PDF<\/a><br \/>\n<\/span><\/p>\n<p><span>Cityplan <strong>Barmen<\/strong> mit Stadtrundgang &#8211; <strong>Barmen eigenst\u00e4ndig erkunden<\/strong> &#8211; <a href=\"http:\/\/info.wuppertal-greeter.de\/wp-content\/uploads\/2020\/01\/Cityplan_Barmen_8-2018.pdf\" target=\"_blank\" rel=\"noopener noreferrer\">PDF<\/a><\/span><\/p>\n<p><strong>Schwebebahn<\/strong> Cityguide &#8211; Von Station zu Station. Alle 20 Haltepunkte im \u00dcberblick. Sehenswertes in Reichweite &#8211; <a href=\"http:\/\/info.wuppertal-greeter.de\/wp-content\/uploads\/2020\/01\/J01_Schwebebahn_7-2018_DE.pdf\" target=\"_blank\" rel=\"noopener noreferrer\">PDF<\/a><span><a href=\"http:\/\/info.wuppertal-greeter.de\/wp-content\/uploads\/2020\/01\/A01_Stadtfu__hrungen_2020_web.pdf\" target=\"_blank\" rel=\"noopener noreferrer\"><\/a><\/span><\/p>\n<div id=\"attachment_403\" style=\"width: 760px\" class=\"wp-caption aligncenter\"><img loading=\"lazy\" decoding=\"async\" aria-describedby=\"caption-attachment-403\" src=\"http:\/\/www.wuppertal-greeter.de\/wp-content\/uploads\/2020\/02\/CityangeboteSchwebebahn_5D_19568_Foto_Malte_Reiter2-1024x683.jpg\" alt=\"Cityangebote Schwebebahn\" class=\"wp-image-403 size-large\" width=\"750\" height=\"500\" srcset=\"https:\/\/www.wuppertal-greeter.de\/wp-content\/uploads\/2020\/02\/CityangeboteSchwebebahn_5D_19568_Foto_Malte_Reiter2-1024x683.jpg 1024w, https:\/\/www.wuppertal-greeter.de\/wp-content\/uploads\/2020\/02\/CityangeboteSchwebebahn_5D_19568_Foto_Malte_Reiter2-300x200.jpg 300w, https:\/\/www.wuppertal-greeter.de\/wp-content\/uploads\/2020\/02\/CityangeboteSchwebebahn_5D_19568_Foto_Malte_Reiter2-768x512.jpg 768w, https:\/\/www.wuppertal-greeter.de\/wp-content\/uploads\/2020\/02\/CityangeboteSchwebebahn_5D_19568_Foto_Malte_Reiter2-1536x1024.jpg 1536w, https:\/\/www.wuppertal-greeter.de\/wp-content\/uploads\/2020\/02\/CityangeboteSchwebebahn_5D_19568_Foto_Malte_Reiter2-2048x1365.jpg 2048w, https:\/\/www.wuppertal-greeter.de\/wp-content\/uploads\/2020\/02\/CityangeboteSchwebebahn_5D_19568_Foto_Malte_Reiter2-360x240.jpg 360w\" sizes=\"(max-width: 750px) 100vw, 750px\" \/><p id=\"caption-attachment-403\" class=\"wp-caption-text\">\u00a9 Foto Malte Reiter<\/p><\/div>\n","protected":false},"excerpt":{"rendered":"<p>Stadtrundg\u00e4nge zur Selbsterkundung und Stadtf\u00fchrungen Die Wuppertal Markting GmbH stellt euch kostenlose Pl\u00e4ne zum Erkunden der Stadt, zus\u00e4tzlich zum Greet bereit. M\u00f6chtet ihr an einer umfangreicheren Stadtf\u00fchrung mit einem Experten teilnehmen? Bucht einen von zahlreichen Stadtf\u00fchrungen von der Wuppertal Marketing GmbH. Unter dem Link Stadtf\u00fchrungen 2020 findet ihr alle Stadtf\u00fchrungen<\/p>\n","protected":false},"author":2,"featured_media":0,"parent":0,"menu_order":0,"comment_status":"closed","ping_status":"closed","template":"","meta":{"ngg_post_thumbnail":0,"footnotes":""},"class_list":["post-290","page","type-page","status-publish","hentry"],"_links":{"self":[{"href":"https:\/\/www.wuppertal-greeter.de\/de\/wp-json\/wp\/v2\/pages\/290"}],"collection":[{"href":"https:\/\/www.wuppertal-greeter.de\/de\/wp-json\/wp\/v2\/pages"}],"about":[{"href":"https:\/\/www.wuppertal-greeter.de\/de\/wp-json\/wp\/v2\/types\/page"}],"author":[{"embeddable":true,"href":"https:\/\/www.wuppertal-greeter.de\/de\/wp-json\/wp\/v2\/users\/2"}],"replies":[{"embeddable":true,"href":"https:\/\/www.wuppertal-greeter.de\/de\/wp-json\/wp\/v2\/comments?post=290"}],"version-history":[{"count":17,"href":"https:\/\/www.wuppertal-greeter.de\/de\/wp-json\/wp\/v2\/pages\/290\/revisions"}],"predecessor-version":[{"id":672,"href":"https:\/\/www.wuppertal-greeter.de\/de\/wp-json\/wp\/v2\/pages\/290\/revisions\/672"}],"wp:attachment":[{"href":"https:\/\/www.wuppertal-greeter.de\/de\/wp-json\/wp\/v2\/media?parent=290"}],"curies":[{"name":"wp","href":"https:\/\/api.w.org\/{rel}","templated":true}]}}